{"id":671,"date":"2022-03-31T12:24:18","date_gmt":"2022-03-31T10:24:18","guid":{"rendered":"https:\/\/heeb.pixelnerdstest.de\/schulungen-dek-asm-schablonendrucker\/"},"modified":"2023-04-17T13:29:29","modified_gmt":"2023-04-17T11:29:29","slug":"schulungen-dek-asm-schablonendrucker","status":"publish","type":"page","link":"https:\/\/heeb-systemtechnik.de\/en\/schulungen-dek-asm-schablonendrucker\/","title":{"rendered":"Training for DEK\/ASM stencil printer"},"content":{"rendered":"\n<img loading=\"lazy\" decoding=\"async\" src=\"https:\/\/heeb-systemtechnik.de\/wp-content\/uploads\/2022\/09\/header-unterseiten1.jpg\" alt=\"header-unterseiten1\" itemprop=\"image\" height=\"547\" width=\"2560\" title=\"header-unterseiten1\" onerror=\"this.style.display='none'\">\n<h1>\n\t\tSchulungen DEK\/ASM Schablonendrucker\n\t<\/h1>\n\t<p>Wir bieten verschiedene Schulungen f\u00fcr fast alle <strong>DEK\/ASM-Druckerplattformen<\/strong> an: angefangen bei der DEK 265-Generation \u00fcber DEK Horizon\/Infinity und DEK Horizon 01\/02\/03iX bis hin zur DEK NeoHorizon 01\/03iX. Dabei bieten wir jeweils folgende Schulungsinhalte an:<\/p>\n<ul>\n<li>Bediener-Einweisung<\/li>\n<li>Bediener- und Einrichterschulung<\/li>\n<li>Wartungsschulung<\/li>\n<li>2D-Schulung<\/li>\n<li>Hawkeye-Schulung<\/li>\n<\/ul>\nDie Trainigs f\u00fchren wir gerne bei Ihnen vor Ort oder je nach Verf\u00fcgbar der Maschinen bei uns im <strong>Demo-Center in 47647 Kerken<\/strong> durch.<br>\nSelbstverst\u00e4ndlich sind auch Kombinationen der Schulungsbl\u00f6cke und individuell auf Ihre Anforderungen angepasste Trainings m\u00f6glich. Wir beraten Sie gerne.\n\t\t\t<a href=\"tel:004928453097126\" target=\"_self\" role=\"button\" rel=\"noopener\">\n\t\t\t\t\t\t\tJetzt beraten lassen\n\t\t\t<\/a>\n\t\t\t\t<img loading=\"lazy\" decoding=\"async\" src=\"https:\/\/heeb-systemtechnik.de\/wp-content\/uploads\/2022\/03\/heeb-systemtechnik-schulungen-dek-asm.jpg\" alt=\"heeb-systemtechnik-schulungen-dek-asm\" itemprop=\"image\" height=\"919\" width=\"1657\" title=\"heeb-systemtechnik-schulungen-dek-asm\" onerror=\"this.style.display='none'\">\n\t<strong>You have questions or requests? &#8211;<\/strong><br>\nPlease contact us\n\t\t\t<a href=\"\/en\/kontakt\/\" target=\"_self\" role=\"button\" rel=\"noopener\">\n\t\t\t\t\t\t\tContact\n\t\t\t<\/a>\n","protected":false},"excerpt":{"rendered":"<p>Schulungen DEK\/ASM Schablonendrucker Wir bieten verschiedene Schulungen f\u00fcr fast alle DEK\/ASM-Druckerplattformen an: angefangen bei der DEK 265-Generation \u00fcber DEK Horizon\/Infinity und DEK Horizon 01\/02\/03iX bis hin zur DEK NeoHorizon 01\/03iX. Dabei bieten wir jeweils folgende Schulungsinhalte an: Bediener-Einweisung Bediener- und Einrichterschulung Wartungsschulung 2D-Schulung Hawkeye-Schulung Die Trainigs f\u00fchren wir gerne bei Ihnen vor Ort oder je [&hellip;]<\/p>\n","protected":false},"author":1,"featured_media":0,"parent":0,"menu_order":0,"comment_status":"closed","ping_status":"closed","template":"","meta":{"site-sidebar-layout":"","site-content-layout":"","ast-site-content-layout":"default","site-content-style":"default","site-sidebar-style":"default","ast-global-header-display":"","ast-banner-title-visibility":"","ast-main-header-display":"","ast-hfb-above-header-display":"","ast-hfb-below-header-display":"","ast-hfb-mobile-header-display":"","site-post-title":"disabled","ast-breadcrumbs-content":"","ast-featured-img":"","footer-sml-layout":"","theme-transparent-header-meta":"","adv-header-id-meta":"","stick-header-meta":"","header-above-stick-meta":"","header-main-stick-meta":"","header-below-stick-meta":"","astra-migrate-meta-layouts":"default","ast-page-background-enabled":"default","ast-page-background-meta":{"desktop":{"background-color":"","background-image":"","background-repeat":"repeat","background-position":"center center","background-size":"auto","background-attachment":"scroll","background-type":"","background-media":"","overlay-type":"","overlay-color":"","overlay-opacity":"","overlay-gradient":""},"tablet":{"background-color":"","background-image":"","background-repeat":"repeat","background-position":"center center","background-size":"auto","background-attachment":"scroll","background-type":"","background-media":"","overlay-type":"","overlay-color":"","overlay-opacity":"","overlay-gradient":""},"mobile":{"background-color":"","background-image":"","background-repeat":"repeat","background-position":"center center","background-size":"auto","background-attachment":"scroll","background-type":"","background-media":"","overlay-type":"","overlay-color":"","overlay-opacity":"","overlay-gradient":""}},"ast-content-background-meta":{"desktop":{"background-color":"var(--ast-global-color-5)","background-image":"","background-repeat":"repeat","background-position":"center center","background-size":"auto","background-attachment":"scroll","background-type":"","background-media":"","overlay-type":"","overlay-color":"","overlay-opacity":"","overlay-gradient":""},"tablet":{"background-color":"var(--ast-global-color-5)","background-image":"","background-repeat":"repeat","background-position":"center center","background-size":"auto","background-attachment":"scroll","background-type":"","background-media":"","overlay-type":"","overlay-color":"","overlay-opacity":"","overlay-gradient":""},"mobile":{"background-color":"var(--ast-global-color-5)","background-image":"","background-repeat":"repeat","background-position":"center center","background-size":"auto","background-attachment":"scroll","background-type":"","background-media":"","overlay-type":"","overlay-color":"","overlay-opacity":"","overlay-gradient":""}},"footnotes":""},"class_list":["post-671","page","type-page","status-publish","hentry"],"yoast_head":"<!-- This site is optimized with the Yoast SEO plugin v26.2 - https:\/\/yoast.com\/wordpress\/plugins\/seo\/ -->\n<title>Training for DEK\/ASM stencil printer - Heeb Systemtechnik<\/title>\n<meta name=\"description\" content=\"Our portfolio includes different trainings on almost all DEK\/ASM inline stencil printer generations. Take a look at our content.\" \/>\n<meta name=\"robots\" content=\"index, follow, max-snippet:-1, max-image-preview:large, max-video-preview:-1\" \/>\n<link rel=\"canonical\" href=\"https:\/\/heeb-systemtechnik.de\/en\/schulungen-dek-asm-schablonendrucker\/\" \/>\n<meta property=\"og:locale\" content=\"en_US\" \/>\n<meta property=\"og:type\" content=\"article\" \/>\n<meta property=\"og:title\" content=\"Training for DEK\/ASM stencil printer - Heeb Systemtechnik\" \/>\n<meta property=\"og:description\" content=\"Our portfolio includes different trainings on almost all DEK\/ASM inline stencil printer generations. Take a look at our content.\" \/>\n<meta property=\"og:url\" content=\"https:\/\/heeb-systemtechnik.de\/en\/schulungen-dek-asm-schablonendrucker\/\" \/>\n<meta property=\"og:site_name\" content=\"Heeb Systemtechnik\" \/>\n<meta property=\"article:modified_time\" content=\"2023-04-17T11:29:29+00:00\" \/>\n<meta property=\"og:image\" content=\"https:\/\/heeb-systemtechnik.de\/wp-content\/uploads\/2022\/09\/header-unterseiten1.jpg\" \/>\n<meta name=\"twitter:card\" content=\"summary_large_image\" \/>\n<meta name=\"twitter:label1\" content=\"Est. reading time\" \/>\n\t<meta name=\"twitter:data1\" content=\"1 minute\" \/>\n<script type=\"application\/ld+json\" class=\"yoast-schema-graph\">{\"@context\":\"https:\/\/schema.org\",\"@graph\":[{\"@type\":\"WebPage\",\"@id\":\"https:\/\/heeb-systemtechnik.de\/en\/schulungen-dek-asm-schablonendrucker\/\",\"url\":\"https:\/\/heeb-systemtechnik.de\/en\/schulungen-dek-asm-schablonendrucker\/\",\"name\":\"Training for DEK\/ASM stencil printer - Heeb Systemtechnik\",\"isPartOf\":{\"@id\":\"https:\/\/heeb-systemtechnik.de\/en\/#website\"},\"primaryImageOfPage\":{\"@id\":\"https:\/\/heeb-systemtechnik.de\/en\/schulungen-dek-asm-schablonendrucker\/#primaryimage\"},\"image\":{\"@id\":\"https:\/\/heeb-systemtechnik.de\/en\/schulungen-dek-asm-schablonendrucker\/#primaryimage\"},\"thumbnailUrl\":\"https:\/\/heeb-systemtechnik.de\/wp-content\/uploads\/2022\/09\/header-unterseiten1.jpg\",\"datePublished\":\"2022-03-31T10:24:18+00:00\",\"dateModified\":\"2023-04-17T11:29:29+00:00\",\"description\":\"Our portfolio includes different trainings on almost all DEK\/ASM inline stencil printer generations. Take a look at our content.\",\"breadcrumb\":{\"@id\":\"https:\/\/heeb-systemtechnik.de\/en\/schulungen-dek-asm-schablonendrucker\/#breadcrumb\"},\"inLanguage\":\"en-US\",\"potentialAction\":[{\"@type\":\"ReadAction\",\"target\":[\"https:\/\/heeb-systemtechnik.de\/en\/schulungen-dek-asm-schablonendrucker\/\"]}]},{\"@type\":\"ImageObject\",\"inLanguage\":\"en-US\",\"@id\":\"https:\/\/heeb-systemtechnik.de\/en\/schulungen-dek-asm-schablonendrucker\/#primaryimage\",\"url\":\"https:\/\/heeb-systemtechnik.de\/wp-content\/uploads\/2022\/09\/header-unterseiten1.jpg\",\"contentUrl\":\"https:\/\/heeb-systemtechnik.de\/wp-content\/uploads\/2022\/09\/header-unterseiten1.jpg\"},{\"@type\":\"BreadcrumbList\",\"@id\":\"https:\/\/heeb-systemtechnik.de\/en\/schulungen-dek-asm-schablonendrucker\/#breadcrumb\",\"itemListElement\":[{\"@type\":\"ListItem\",\"position\":1,\"name\":\"Startseite\",\"item\":\"https:\/\/heeb-systemtechnik.de\/en\/\"},{\"@type\":\"ListItem\",\"position\":2,\"name\":\"Training for DEK\/ASM stencil printer\"}]},{\"@type\":\"WebSite\",\"@id\":\"https:\/\/heeb-systemtechnik.de\/en\/#website\",\"url\":\"https:\/\/heeb-systemtechnik.de\/en\/\",\"name\":\"Heeb Systemtechnik\",\"description\":\"Just another WordPress site\",\"publisher\":{\"@id\":\"https:\/\/heeb-systemtechnik.de\/en\/#organization\"},\"potentialAction\":[{\"@type\":\"SearchAction\",\"target\":{\"@type\":\"EntryPoint\",\"urlTemplate\":\"https:\/\/heeb-systemtechnik.de\/en\/?s={search_term_string}\"},\"query-input\":{\"@type\":\"PropertyValueSpecification\",\"valueRequired\":true,\"valueName\":\"search_term_string\"}}],\"inLanguage\":\"en-US\"},{\"@type\":\"Organization\",\"@id\":\"https:\/\/heeb-systemtechnik.de\/en\/#organization\",\"name\":\"Heeb Systemtechnik\",\"url\":\"https:\/\/heeb-systemtechnik.de\/en\/\",\"logo\":{\"@type\":\"ImageObject\",\"inLanguage\":\"en-US\",\"@id\":\"https:\/\/heeb-systemtechnik.de\/en\/#\/schema\/logo\/image\/\",\"url\":\"https:\/\/heeb-systemtechnik.de\/wp-content\/uploads\/2023\/02\/cropped-heeb-systemtechnik-logo-2023-transparent.png\",\"contentUrl\":\"https:\/\/heeb-systemtechnik.de\/wp-content\/uploads\/2023\/02\/cropped-heeb-systemtechnik-logo-2023-transparent.png\",\"width\":900,\"height\":182,\"caption\":\"Heeb Systemtechnik\"},\"image\":{\"@id\":\"https:\/\/heeb-systemtechnik.de\/en\/#\/schema\/logo\/image\/\"}}]}<\/script>\n<!-- \/ Yoast SEO plugin. -->","yoast_head_json":{"title":"Training for DEK\/ASM stencil printer - Heeb Systemtechnik","description":"Our portfolio includes different trainings on almost all DEK\/ASM inline stencil printer generations. Take a look at our content.","robots":{"index":"index","follow":"follow","max-snippet":"max-snippet:-1","max-image-preview":"max-image-preview:large","max-video-preview":"max-video-preview:-1"},"canonical":"https:\/\/heeb-systemtechnik.de\/en\/schulungen-dek-asm-schablonendrucker\/","og_locale":"en_US","og_type":"article","og_title":"Training for DEK\/ASM stencil printer - Heeb Systemtechnik","og_description":"Our portfolio includes different trainings on almost all DEK\/ASM inline stencil printer generations. Take a look at our content.","og_url":"https:\/\/heeb-systemtechnik.de\/en\/schulungen-dek-asm-schablonendrucker\/","og_site_name":"Heeb Systemtechnik","article_modified_time":"2023-04-17T11:29:29+00:00","og_image":[{"url":"https:\/\/heeb-systemtechnik.de\/wp-content\/uploads\/2022\/09\/header-unterseiten1.jpg","type":"","width":"","height":""}],"twitter_card":"summary_large_image","twitter_misc":{"Est. reading time":"1 minute"},"schema":{"@context":"https:\/\/schema.org","@graph":[{"@type":"WebPage","@id":"https:\/\/heeb-systemtechnik.de\/en\/schulungen-dek-asm-schablonendrucker\/","url":"https:\/\/heeb-systemtechnik.de\/en\/schulungen-dek-asm-schablonendrucker\/","name":"Training for DEK\/ASM stencil printer - Heeb Systemtechnik","isPartOf":{"@id":"https:\/\/heeb-systemtechnik.de\/en\/#website"},"primaryImageOfPage":{"@id":"https:\/\/heeb-systemtechnik.de\/en\/schulungen-dek-asm-schablonendrucker\/#primaryimage"},"image":{"@id":"https:\/\/heeb-systemtechnik.de\/en\/schulungen-dek-asm-schablonendrucker\/#primaryimage"},"thumbnailUrl":"https:\/\/heeb-systemtechnik.de\/wp-content\/uploads\/2022\/09\/header-unterseiten1.jpg","datePublished":"2022-03-31T10:24:18+00:00","dateModified":"2023-04-17T11:29:29+00:00","description":"Our portfolio includes different trainings on almost all DEK\/ASM inline stencil printer generations. Take a look at our content.","breadcrumb":{"@id":"https:\/\/heeb-systemtechnik.de\/en\/schulungen-dek-asm-schablonendrucker\/#breadcrumb"},"inLanguage":"en-US","potentialAction":[{"@type":"ReadAction","target":["https:\/\/heeb-systemtechnik.de\/en\/schulungen-dek-asm-schablonendrucker\/"]}]},{"@type":"ImageObject","inLanguage":"en-US","@id":"https:\/\/heeb-systemtechnik.de\/en\/schulungen-dek-asm-schablonendrucker\/#primaryimage","url":"https:\/\/heeb-systemtechnik.de\/wp-content\/uploads\/2022\/09\/header-unterseiten1.jpg","contentUrl":"https:\/\/heeb-systemtechnik.de\/wp-content\/uploads\/2022\/09\/header-unterseiten1.jpg"},{"@type":"BreadcrumbList","@id":"https:\/\/heeb-systemtechnik.de\/en\/schulungen-dek-asm-schablonendrucker\/#breadcrumb","itemListElement":[{"@type":"ListItem","position":1,"name":"Startseite","item":"https:\/\/heeb-systemtechnik.de\/en\/"},{"@type":"ListItem","position":2,"name":"Training for DEK\/ASM stencil printer"}]},{"@type":"WebSite","@id":"https:\/\/heeb-systemtechnik.de\/en\/#website","url":"https:\/\/heeb-systemtechnik.de\/en\/","name":"Heeb Systemtechnik","description":"Just another WordPress site","publisher":{"@id":"https:\/\/heeb-systemtechnik.de\/en\/#organization"},"potentialAction":[{"@type":"SearchAction","target":{"@type":"EntryPoint","urlTemplate":"https:\/\/heeb-systemtechnik.de\/en\/?s={search_term_string}"},"query-input":{"@type":"PropertyValueSpecification","valueRequired":true,"valueName":"search_term_string"}}],"inLanguage":"en-US"},{"@type":"Organization","@id":"https:\/\/heeb-systemtechnik.de\/en\/#organization","name":"Heeb Systemtechnik","url":"https:\/\/heeb-systemtechnik.de\/en\/","logo":{"@type":"ImageObject","inLanguage":"en-US","@id":"https:\/\/heeb-systemtechnik.de\/en\/#\/schema\/logo\/image\/","url":"https:\/\/heeb-systemtechnik.de\/wp-content\/uploads\/2023\/02\/cropped-heeb-systemtechnik-logo-2023-transparent.png","contentUrl":"https:\/\/heeb-systemtechnik.de\/wp-content\/uploads\/2023\/02\/cropped-heeb-systemtechnik-logo-2023-transparent.png","width":900,"height":182,"caption":"Heeb Systemtechnik"},"image":{"@id":"https:\/\/heeb-systemtechnik.de\/en\/#\/schema\/logo\/image\/"}}]}},"_links":{"self":[{"href":"https:\/\/heeb-systemtechnik.de\/en\/wp-json\/wp\/v2\/pages\/671","targetHints":{"allow":["GET"]}}],"collection":[{"href":"https:\/\/heeb-systemtechnik.de\/en\/wp-json\/wp\/v2\/pages"}],"about":[{"href":"https:\/\/heeb-systemtechnik.de\/en\/wp-json\/wp\/v2\/types\/page"}],"author":[{"embeddable":true,"href":"https:\/\/heeb-systemtechnik.de\/en\/wp-json\/wp\/v2\/users\/1"}],"replies":[{"embeddable":true,"href":"https:\/\/heeb-systemtechnik.de\/en\/wp-json\/wp\/v2\/comments?post=671"}],"version-history":[{"count":8,"href":"https:\/\/heeb-systemtechnik.de\/en\/wp-json\/wp\/v2\/pages\/671\/revisions"}],"predecessor-version":[{"id":4021,"href":"https:\/\/heeb-systemtechnik.de\/en\/wp-json\/wp\/v2\/pages\/671\/revisions\/4021"}],"wp:attachment":[{"href":"https:\/\/heeb-systemtechnik.de\/en\/wp-json\/wp\/v2\/media?parent=671"}],"curies":[{"name":"wp","href":"https:\/\/api.w.org\/{rel}","templated":true}]}}