{"id":665,"date":"2021-11-17T10:35:26","date_gmt":"2021-11-17T09:35:26","guid":{"rendered":"https:\/\/heeb.pixelnerdstest.de\/produktionsanlagen-gebrauchtmaschinen\/"},"modified":"2023-04-17T11:21:50","modified_gmt":"2023-04-17T09:21:50","slug":"produktionsanlagen-gebrauchtmaschinen","status":"publish","type":"page","link":"https:\/\/heeb-systemtechnik.de\/en\/produktionsanlagen-gebrauchtmaschinen\/","title":{"rendered":"Production equipment (pre-owned machines)"},"content":{"rendered":"\n\n\t\t\t\t<img loading=\"lazy\" decoding=\"async\" src=\"https:\/\/heeb-systemtechnik.de\/wp-content\/uploads\/2022\/09\/header-unterseiten1.jpg\" alt=\"header-unterseiten1\" itemprop=\"image\" height=\"547\" width=\"2560\" title=\"header-unterseiten1\" onerror=\"this.style.display='none'\"  \/>\n<h1>\n\t\tSMT-Gebraucht&#038;shymaschinenhandel\n\t<\/h1>\n\t<p>Wir betreiben seit 2009 weltweit einen An-und Verkauf von Maschinen f\u00fcr die Elektronikfertigung und halten stets ein gut aufgestelltes Angebot an gebrauchten Anlagen in unserem Lager in Kerken bereit. So haben wir st\u00e4ndig Schablonendruckanlagen, Board-Handling-Systeme, Best\u00fcckungsautomaten, Dispenser, \u00d6fen und verschiedene optische Systeme, wie AOI und SPI, verf\u00fcgbar. Unsere Maschinen werden einer eingehenden Pr\u00fcfung nach hohen Qualit\u00e4tsstandards unterzogen und bei Bedarf nach Herstellervorgaben gewartet. Die Systeme werden stets produktionsbereit ausgeliefert und auf Wunsch von uns in Betrieb genommen.<\/p>\n<h2>\n\t\tUnsere Produkte\n\t<\/h2>\n\t\t\t\t<a href=\"https:\/\/heeb-systemtechnik.de\/en\/schablonendruckanlagen\/\" target=\"_self\" itemprop=\"url\" rel=\"noopener\">\n\t\t\t\t<img loading=\"lazy\" decoding=\"async\" src=\"https:\/\/heeb-systemtechnik.de\/wp-content\/uploads\/2022\/05\/heeb-systemtechnik-produktionsanlagen-schablonendruckanlagen.jpg\" alt=\"heeb-systemtechnik-produktionsanlagen-schablonendruckanlagen\" itemprop=\"image\" height=\"593\" width=\"1000\" title=\"heeb-systemtechnik-produktionsanlagen-schablonendruckanlagen\" onerror=\"this.style.display='none'\"  \/>\n\t\t\t\t<\/a>\n<h4>\n\t\t<a href=\"https:\/\/heeb-systemtechnik.de\/en\/schablonendruckanlagen\/\" title=\"Schablonendruckanlagen\" target=\"_self\" rel=\"noopener\">\n\t\tSchablonendruckanlagen\n\t\t<\/a>\n\t<\/h4>\n\t\t\t\t<a href=\"https:\/\/heeb-systemtechnik.de\/en\/bestueckungsautomaten\/\" target=\"_self\" itemprop=\"url\" rel=\"noopener\">\n\t\t\t\t<img loading=\"lazy\" decoding=\"async\" src=\"https:\/\/heeb-systemtechnik.de\/wp-content\/uploads\/2021\/11\/Bestueckungsautomaten_Produktionsanlagen.jpg\" alt=\"Best\u00fcckungsautomaten_Produktionsanlagen\" itemprop=\"image\" height=\"593\" width=\"1000\" title=\"Best\u00fcckungsautomaten_Produktionsanlagen\" onerror=\"this.style.display='none'\"  \/>\n\t\t\t\t<\/a>\n<h4>\n\t\t<a href=\"https:\/\/heeb-systemtechnik.de\/en\/bestueckungsautomaten\/\" title=\"Best\u00fcckungsautomaten\" target=\"_self\" rel=\"noopener\">\n\t\tBest\u00fcckungsautomaten\n\t\t<\/a>\n\t<\/h4>\n\t\t\t\t<a href=\"https:\/\/heeb-systemtechnik.de\/en\/board-handling-module\/\" target=\"_self\" itemprop=\"url\" rel=\"noopener\">\n\t\t\t\t<img loading=\"lazy\" decoding=\"async\" src=\"https:\/\/heeb-systemtechnik.de\/wp-content\/uploads\/2022\/05\/heeb-systemtechnik-produktionsanlagen-boardhandeling-systeme.jpg\" alt=\"heeb-systemtechnik-produktionsanlagen-boardhandeling-systeme\" itemprop=\"image\" height=\"593\" width=\"1000\" title=\"heeb-systemtechnik-produktionsanlagen-boardhandeling-systeme\" onerror=\"this.style.display='none'\"  \/>\n\t\t\t\t<\/a>\n<h4>\n\t\t<a href=\"https:\/\/heeb-systemtechnik.de\/en\/board-handling-module\/\" title=\"Board Handling Module\" target=\"_self\" rel=\"noopener\">\n\t\tBoard Handling Module\n\t\t<\/a>\n\t<\/h4>\n\t\t\t\t<a href=\"https:\/\/heeb-systemtechnik.de\/en\/reflow-oefen-loetanlagen\/\" target=\"_self\" itemprop=\"url\" rel=\"noopener\">\n\t\t\t\t<img loading=\"lazy\" decoding=\"async\" src=\"https:\/\/heeb-systemtechnik.de\/wp-content\/uploads\/2022\/09\/heeb-systemtechnik-produktionsanlagen-reflow-oefen-23-09-22.jpg\" alt=\"heeb-systemtechnik-produktionsanlagen-reflow-oefen-23-09-22\" itemprop=\"image\" height=\"593\" width=\"1000\" title=\"heeb-systemtechnik-produktionsanlagen-reflow-oefen-23-09-22\" onerror=\"this.style.display='none'\"  \/>\n\t\t\t\t<\/a>\n<h4>\n\t\t<a href=\"https:\/\/heeb-systemtechnik.de\/en\/reflow-oefen-loetanlagen\/\" title=\"Reflow \u00d6fen \/ L\u00f6tanlagen\" target=\"_self\" rel=\"noopener\">\n\t\tReflow \u00d6fen \/ L\u00f6tanlagen\n\t\t<\/a>\n\t<\/h4>\n\t\t\t\t<a href=\"https:\/\/heeb-systemtechnik.de\/en\/aoi\/\" target=\"_self\" itemprop=\"url\" rel=\"noopener\">\n\t\t\t\t<img loading=\"lazy\" decoding=\"async\" src=\"https:\/\/heeb-systemtechnik.de\/wp-content\/uploads\/2022\/05\/heeb-systemtechnik-produktionsanlagen-aoi.jpg\" alt=\"heeb-systemtechnik-produktionsanlagen-aoi\" itemprop=\"image\" height=\"593\" width=\"1000\" title=\"heeb-systemtechnik-produktionsanlagen-aoi\" onerror=\"this.style.display='none'\"  \/>\n\t\t\t\t<\/a>\n<h4>\n\t\t<a href=\"https:\/\/heeb-systemtechnik.de\/en\/aoi\/\" title=\"AOI\" target=\"_self\" rel=\"noopener\">\n\t\tAOI\n\t\t<\/a>\n\t<\/h4>\n\t\t\t\t<a href=\"https:\/\/heeb-systemtechnik.de\/en\/dispenser\/\" target=\"_self\" itemprop=\"url\" rel=\"noopener\">\n\t\t\t\t<img loading=\"lazy\" decoding=\"async\" src=\"https:\/\/heeb-systemtechnik.de\/wp-content\/uploads\/2022\/05\/heeb-systemtechnik-produktionsanlagen-dispenser.jpg\" alt=\"heeb-systemtechnik-produktionsanlagen-dispenser\" itemprop=\"image\" height=\"593\" width=\"1000\" title=\"heeb-systemtechnik-produktionsanlagen-dispenser\" onerror=\"this.style.display='none'\"  \/>\n\t\t\t\t<\/a>\n<h4>\n\t\t<a href=\"https:\/\/heeb-systemtechnik.de\/en\/dispenser\/\" title=\"Dispenser\" target=\"_self\" rel=\"noopener\">\n\t\tDispenser\n\t\t<\/a>\n\t<\/h4>\n\t<strong>You have questions or requests? &#8211;<\/strong><br \/>\nPlease contact us\n\t\t\t<a href=\"\/en\/kontakt\/\" target=\"_self\" role=\"button\" rel=\"noopener\">\n\t\t\t\t\t\t\tContact\n\t\t\t<\/a>\n\n","protected":false},"excerpt":{"rendered":"<p>SMT-Gebraucht&#038;shymaschinenhandel Wir betreiben seit 2009 weltweit einen An-und Verkauf von Maschinen f\u00fcr die Elektronikfertigung und halten stets ein gut aufgestelltes Angebot an gebrauchten Anlagen in unserem Lager in Kerken bereit. So haben wir st\u00e4ndig Schablonendruckanlagen, Board-Handling-Systeme, Best\u00fcckungsautomaten, Dispenser, \u00d6fen und verschiedene optische Systeme, wie AOI und SPI, verf\u00fcgbar. Unsere Maschinen werden einer eingehenden Pr\u00fcfung nach [&hellip;]<\/p>\n","protected":false},"author":1,"featured_media":0,"parent":0,"menu_order":0,"comment_status":"closed","ping_status":"closed","template":"","meta":{"site-sidebar-layout":"","site-content-layout":"","ast-site-content-layout":"default","site-content-style":"default","site-sidebar-style":"default","ast-global-header-display":"","ast-banner-title-visibility":"","ast-main-header-display":"","ast-hfb-above-header-display":"","ast-hfb-below-header-display":"","ast-hfb-mobile-header-display":"","site-post-title":"disabled","ast-breadcrumbs-content":"","ast-featured-img":"","footer-sml-layout":"","theme-transparent-header-meta":"","adv-header-id-meta":"","stick-header-meta":"","header-above-stick-meta":"","header-main-stick-meta":"","header-below-stick-meta":"","astra-migrate-meta-layouts":"default","ast-page-background-enabled":"default","ast-page-background-meta":{"desktop":{"background-color":"","background-image":"","background-repeat":"repeat","background-position":"center center","background-size":"auto","background-attachment":"scroll","background-type":"","background-media":"","overlay-type":"","overlay-color":"","overlay-opacity":"","overlay-gradient":""},"tablet":{"background-color":"","background-image":"","background-repeat":"repeat","background-position":"center center","background-size":"auto","background-attachment":"scroll","background-type":"","background-media":"","overlay-type":"","overlay-color":"","overlay-opacity":"","overlay-gradient":""},"mobile":{"background-color":"","background-image":"","background-repeat":"repeat","background-position":"center center","background-size":"auto","background-attachment":"scroll","background-type":"","background-media":"","overlay-type":"","overlay-color":"","overlay-opacity":"","overlay-gradient":""}},"ast-content-background-meta":{"desktop":{"background-color":"var(--ast-global-color-5)","background-image":"","background-repeat":"repeat","background-position":"center center","background-size":"auto","background-attachment":"scroll","background-type":"","background-media":"","overlay-type":"","overlay-color":"","overlay-opacity":"","overlay-gradient":""},"tablet":{"background-color":"var(--ast-global-color-5)","background-image":"","background-repeat":"repeat","background-position":"center center","background-size":"auto","background-attachment":"scroll","background-type":"","background-media":"","overlay-type":"","overlay-color":"","overlay-opacity":"","overlay-gradient":""},"mobile":{"background-color":"var(--ast-global-color-5)","background-image":"","background-repeat":"repeat","background-position":"center center","background-size":"auto","background-attachment":"scroll","background-type":"","background-media":"","overlay-type":"","overlay-color":"","overlay-opacity":"","overlay-gradient":""}},"footnotes":""},"class_list":["post-665","page","type-page","status-publish","hentry"],"yoast_head":"<!-- This site is optimized with the Yoast SEO plugin v26.2 - https:\/\/yoast.com\/wordpress\/plugins\/seo\/ -->\n<title>Production equipment (pre-owned machines) - Heeb Systemtechnik<\/title>\n<meta name=\"description\" content=\"Since 2009 we trade machines used in the field of electronics production.\" \/>\n<meta name=\"robots\" content=\"index, follow, max-snippet:-1, max-image-preview:large, max-video-preview:-1\" \/>\n<link rel=\"canonical\" href=\"https:\/\/heeb-systemtechnik.de\/en\/produktionsanlagen-gebrauchtmaschinen\/\" \/>\n<meta property=\"og:locale\" content=\"en_US\" \/>\n<meta property=\"og:type\" content=\"article\" \/>\n<meta property=\"og:title\" content=\"Production equipment (pre-owned machines) - Heeb Systemtechnik\" \/>\n<meta property=\"og:description\" content=\"Since 2009 we trade machines used in the field of electronics production.\" \/>\n<meta property=\"og:url\" content=\"https:\/\/heeb-systemtechnik.de\/en\/produktionsanlagen-gebrauchtmaschinen\/\" \/>\n<meta property=\"og:site_name\" content=\"Heeb Systemtechnik\" \/>\n<meta property=\"article:modified_time\" content=\"2023-04-17T09:21:50+00:00\" \/>\n<meta property=\"og:image\" content=\"https:\/\/heeb-systemtechnik.de\/wp-content\/uploads\/2022\/09\/header-unterseiten1.jpg\" \/>\n<meta name=\"twitter:card\" content=\"summary_large_image\" \/>\n<meta name=\"twitter:label1\" content=\"Est. reading time\" \/>\n\t<meta name=\"twitter:data1\" content=\"1 minute\" \/>\n<script type=\"application\/ld+json\" class=\"yoast-schema-graph\">{\"@context\":\"https:\/\/schema.org\",\"@graph\":[{\"@type\":\"WebPage\",\"@id\":\"https:\/\/heeb-systemtechnik.de\/en\/produktionsanlagen-gebrauchtmaschinen\/\",\"url\":\"https:\/\/heeb-systemtechnik.de\/en\/produktionsanlagen-gebrauchtmaschinen\/\",\"name\":\"Production equipment (pre-owned machines) - Heeb Systemtechnik\",\"isPartOf\":{\"@id\":\"https:\/\/heeb-systemtechnik.de\/en\/#website\"},\"primaryImageOfPage\":{\"@id\":\"https:\/\/heeb-systemtechnik.de\/en\/produktionsanlagen-gebrauchtmaschinen\/#primaryimage\"},\"image\":{\"@id\":\"https:\/\/heeb-systemtechnik.de\/en\/produktionsanlagen-gebrauchtmaschinen\/#primaryimage\"},\"thumbnailUrl\":\"https:\/\/heeb-systemtechnik.de\/wp-content\/uploads\/2022\/09\/header-unterseiten1.jpg\",\"datePublished\":\"2021-11-17T09:35:26+00:00\",\"dateModified\":\"2023-04-17T09:21:50+00:00\",\"description\":\"Since 2009 we trade machines used in the field of electronics production.\",\"breadcrumb\":{\"@id\":\"https:\/\/heeb-systemtechnik.de\/en\/produktionsanlagen-gebrauchtmaschinen\/#breadcrumb\"},\"inLanguage\":\"en-US\",\"potentialAction\":[{\"@type\":\"ReadAction\",\"target\":[\"https:\/\/heeb-systemtechnik.de\/en\/produktionsanlagen-gebrauchtmaschinen\/\"]}]},{\"@type\":\"ImageObject\",\"inLanguage\":\"en-US\",\"@id\":\"https:\/\/heeb-systemtechnik.de\/en\/produktionsanlagen-gebrauchtmaschinen\/#primaryimage\",\"url\":\"https:\/\/heeb-systemtechnik.de\/wp-content\/uploads\/2022\/09\/header-unterseiten1.jpg\",\"contentUrl\":\"https:\/\/heeb-systemtechnik.de\/wp-content\/uploads\/2022\/09\/header-unterseiten1.jpg\"},{\"@type\":\"BreadcrumbList\",\"@id\":\"https:\/\/heeb-systemtechnik.de\/en\/produktionsanlagen-gebrauchtmaschinen\/#breadcrumb\",\"itemListElement\":[{\"@type\":\"ListItem\",\"position\":1,\"name\":\"Startseite\",\"item\":\"https:\/\/heeb-systemtechnik.de\/en\/\"},{\"@type\":\"ListItem\",\"position\":2,\"name\":\"Production equipment (pre-owned machines)\"}]},{\"@type\":\"WebSite\",\"@id\":\"https:\/\/heeb-systemtechnik.de\/en\/#website\",\"url\":\"https:\/\/heeb-systemtechnik.de\/en\/\",\"name\":\"Heeb Systemtechnik\",\"description\":\"Just another WordPress site\",\"publisher\":{\"@id\":\"https:\/\/heeb-systemtechnik.de\/en\/#organization\"},\"potentialAction\":[{\"@type\":\"SearchAction\",\"target\":{\"@type\":\"EntryPoint\",\"urlTemplate\":\"https:\/\/heeb-systemtechnik.de\/en\/?s={search_term_string}\"},\"query-input\":{\"@type\":\"PropertyValueSpecification\",\"valueRequired\":true,\"valueName\":\"search_term_string\"}}],\"inLanguage\":\"en-US\"},{\"@type\":\"Organization\",\"@id\":\"https:\/\/heeb-systemtechnik.de\/en\/#organization\",\"name\":\"Heeb Systemtechnik\",\"url\":\"https:\/\/heeb-systemtechnik.de\/en\/\",\"logo\":{\"@type\":\"ImageObject\",\"inLanguage\":\"en-US\",\"@id\":\"https:\/\/heeb-systemtechnik.de\/en\/#\/schema\/logo\/image\/\",\"url\":\"https:\/\/heeb-systemtechnik.de\/wp-content\/uploads\/2023\/02\/cropped-heeb-systemtechnik-logo-2023-transparent.png\",\"contentUrl\":\"https:\/\/heeb-systemtechnik.de\/wp-content\/uploads\/2023\/02\/cropped-heeb-systemtechnik-logo-2023-transparent.png\",\"width\":900,\"height\":182,\"caption\":\"Heeb Systemtechnik\"},\"image\":{\"@id\":\"https:\/\/heeb-systemtechnik.de\/en\/#\/schema\/logo\/image\/\"}}]}<\/script>\n<!-- \/ Yoast SEO plugin. -->","yoast_head_json":{"title":"Production equipment (pre-owned machines) - Heeb Systemtechnik","description":"Since 2009 we trade machines used in the field of electronics production.","robots":{"index":"index","follow":"follow","max-snippet":"max-snippet:-1","max-image-preview":"max-image-preview:large","max-video-preview":"max-video-preview:-1"},"canonical":"https:\/\/heeb-systemtechnik.de\/en\/produktionsanlagen-gebrauchtmaschinen\/","og_locale":"en_US","og_type":"article","og_title":"Production equipment (pre-owned machines) - Heeb Systemtechnik","og_description":"Since 2009 we trade machines used in the field of electronics production.","og_url":"https:\/\/heeb-systemtechnik.de\/en\/produktionsanlagen-gebrauchtmaschinen\/","og_site_name":"Heeb Systemtechnik","article_modified_time":"2023-04-17T09:21:50+00:00","og_image":[{"url":"https:\/\/heeb-systemtechnik.de\/wp-content\/uploads\/2022\/09\/header-unterseiten1.jpg","type":"","width":"","height":""}],"twitter_card":"summary_large_image","twitter_misc":{"Est. reading time":"1 minute"},"schema":{"@context":"https:\/\/schema.org","@graph":[{"@type":"WebPage","@id":"https:\/\/heeb-systemtechnik.de\/en\/produktionsanlagen-gebrauchtmaschinen\/","url":"https:\/\/heeb-systemtechnik.de\/en\/produktionsanlagen-gebrauchtmaschinen\/","name":"Production equipment (pre-owned machines) - Heeb Systemtechnik","isPartOf":{"@id":"https:\/\/heeb-systemtechnik.de\/en\/#website"},"primaryImageOfPage":{"@id":"https:\/\/heeb-systemtechnik.de\/en\/produktionsanlagen-gebrauchtmaschinen\/#primaryimage"},"image":{"@id":"https:\/\/heeb-systemtechnik.de\/en\/produktionsanlagen-gebrauchtmaschinen\/#primaryimage"},"thumbnailUrl":"https:\/\/heeb-systemtechnik.de\/wp-content\/uploads\/2022\/09\/header-unterseiten1.jpg","datePublished":"2021-11-17T09:35:26+00:00","dateModified":"2023-04-17T09:21:50+00:00","description":"Since 2009 we trade machines used in the field of electronics production.","breadcrumb":{"@id":"https:\/\/heeb-systemtechnik.de\/en\/produktionsanlagen-gebrauchtmaschinen\/#breadcrumb"},"inLanguage":"en-US","potentialAction":[{"@type":"ReadAction","target":["https:\/\/heeb-systemtechnik.de\/en\/produktionsanlagen-gebrauchtmaschinen\/"]}]},{"@type":"ImageObject","inLanguage":"en-US","@id":"https:\/\/heeb-systemtechnik.de\/en\/produktionsanlagen-gebrauchtmaschinen\/#primaryimage","url":"https:\/\/heeb-systemtechnik.de\/wp-content\/uploads\/2022\/09\/header-unterseiten1.jpg","contentUrl":"https:\/\/heeb-systemtechnik.de\/wp-content\/uploads\/2022\/09\/header-unterseiten1.jpg"},{"@type":"BreadcrumbList","@id":"https:\/\/heeb-systemtechnik.de\/en\/produktionsanlagen-gebrauchtmaschinen\/#breadcrumb","itemListElement":[{"@type":"ListItem","position":1,"name":"Startseite","item":"https:\/\/heeb-systemtechnik.de\/en\/"},{"@type":"ListItem","position":2,"name":"Production equipment (pre-owned machines)"}]},{"@type":"WebSite","@id":"https:\/\/heeb-systemtechnik.de\/en\/#website","url":"https:\/\/heeb-systemtechnik.de\/en\/","name":"Heeb Systemtechnik","description":"Just another WordPress site","publisher":{"@id":"https:\/\/heeb-systemtechnik.de\/en\/#organization"},"potentialAction":[{"@type":"SearchAction","target":{"@type":"EntryPoint","urlTemplate":"https:\/\/heeb-systemtechnik.de\/en\/?s={search_term_string}"},"query-input":{"@type":"PropertyValueSpecification","valueRequired":true,"valueName":"search_term_string"}}],"inLanguage":"en-US"},{"@type":"Organization","@id":"https:\/\/heeb-systemtechnik.de\/en\/#organization","name":"Heeb Systemtechnik","url":"https:\/\/heeb-systemtechnik.de\/en\/","logo":{"@type":"ImageObject","inLanguage":"en-US","@id":"https:\/\/heeb-systemtechnik.de\/en\/#\/schema\/logo\/image\/","url":"https:\/\/heeb-systemtechnik.de\/wp-content\/uploads\/2023\/02\/cropped-heeb-systemtechnik-logo-2023-transparent.png","contentUrl":"https:\/\/heeb-systemtechnik.de\/wp-content\/uploads\/2023\/02\/cropped-heeb-systemtechnik-logo-2023-transparent.png","width":900,"height":182,"caption":"Heeb Systemtechnik"},"image":{"@id":"https:\/\/heeb-systemtechnik.de\/en\/#\/schema\/logo\/image\/"}}]}},"_links":{"self":[{"href":"https:\/\/heeb-systemtechnik.de\/en\/wp-json\/wp\/v2\/pages\/665","targetHints":{"allow":["GET"]}}],"collection":[{"href":"https:\/\/heeb-systemtechnik.de\/en\/wp-json\/wp\/v2\/pages"}],"about":[{"href":"https:\/\/heeb-systemtechnik.de\/en\/wp-json\/wp\/v2\/types\/page"}],"author":[{"embeddable":true,"href":"https:\/\/heeb-systemtechnik.de\/en\/wp-json\/wp\/v2\/users\/1"}],"replies":[{"embeddable":true,"href":"https:\/\/heeb-systemtechnik.de\/en\/wp-json\/wp\/v2\/comments?post=665"}],"version-history":[{"count":4,"href":"https:\/\/heeb-systemtechnik.de\/en\/wp-json\/wp\/v2\/pages\/665\/revisions"}],"predecessor-version":[{"id":3994,"href":"https:\/\/heeb-systemtechnik.de\/en\/wp-json\/wp\/v2\/pages\/665\/revisions\/3994"}],"wp:attachment":[{"href":"https:\/\/heeb-systemtechnik.de\/en\/wp-json\/wp\/v2\/media?parent=665"}],"curies":[{"name":"wp","href":"https:\/\/api.w.org\/{rel}","templated":true}]}}