{"id":662,"date":"2022-05-11T13:21:49","date_gmt":"2022-05-11T11:21:49","guid":{"rendered":"https:\/\/heeb.pixelnerdstest.de\/jobs\/"},"modified":"2023-04-17T11:23:29","modified_gmt":"2023-04-17T09:23:29","slug":"jobs","status":"publish","type":"page","link":"https:\/\/heeb-systemtechnik.de\/en\/jobs\/","title":{"rendered":"Jobs"},"content":{"rendered":"\n\n\t\t\t\t<img loading=\"lazy\" decoding=\"async\" src=\"https:\/\/heeb-systemtechnik.de\/wp-content\/uploads\/2022\/10\/header-unterseiten2.jpg\" alt=\"header-unterseiten2\" itemprop=\"image\" height=\"547\" width=\"2560\" title=\"header-unterseiten2\" onerror=\"this.style.display='none'\"  \/>\n<h1>\n\t\tJobs\n\t<\/h1>\n\tHeeb Systemtechnik, technisches Vertriebsunternehmen von neuem und gebrauchtem SMT-Equipment und Dienstleister f\u00fcr die Elektronikindustrie, bietet L\u00f6sungen rund um die Flachbaugruppenfertigung mit dem Schwerpunkt Schablonendruck- sowie Best\u00fcckungsprozess.\nNeben gepr\u00fcften SMT-Gebrauchtmaschinen und Ersatzteilen bietet Heeb Systemtechnik Wartung, Reparatur und Training f\u00fcr Ihre Produktionsanlagen an.<br \/>\nWir sind Vertriebspartner einer Vielzahl namenhafter Hersteller von SMT Prozessequipment.<br \/>\nVerbrauchsmaterialien, Reinigungsartikel und weitere prozessunterst\u00fctzende Produkte runden unser Sortiment ab.\n<h2>\n\t\tZur Erweiterung unseres T\u00e4tigkeitsfeldes im Bereich Service &#038; Support suchen wir zum n\u00e4chstm\u00f6glichen Termin einen:\n\t<\/h2>\n<h2>\n\t\tInteresse?\n\t<\/h2>\n\t<p>Bei Interesse schicken Sie bitte Ihre Bewerbungsunterlagen mit Angabe des fr\u00fchestm\u00f6glichen Eintrittstermins an:<\/p>\n<p>Herrn Dietmar Heeb (<a href=\"mailto:office@heeb-systemtechnik.de\">office@heeb-systemtechnik.de<\/a>)<\/p>\n\t<strong>You have questions or requests? &#8211;<\/strong><br \/>\nPlease contact us\n\t\t\t<a href=\"\/en\/kontakt\/\" target=\"_self\" role=\"button\" rel=\"noopener\">\n\t\t\t\t\t\t\tContact\n\t\t\t<\/a>\n\n","protected":false},"excerpt":{"rendered":"<p>Jobs Heeb Systemtechnik, technisches Vertriebsunternehmen von neuem und gebrauchtem SMT-Equipment und Dienstleister f\u00fcr die Elektronikindustrie, bietet L\u00f6sungen rund um die Flachbaugruppenfertigung mit dem Schwerpunkt Schablonendruck- sowie Best\u00fcckungsprozess. Neben gepr\u00fcften SMT-Gebrauchtmaschinen und Ersatzteilen bietet Heeb Systemtechnik Wartung, Reparatur und Training f\u00fcr Ihre Produktionsanlagen an. Wir sind Vertriebspartner einer Vielzahl namenhafter Hersteller von SMT Prozessequipment. Verbrauchsmaterialien, Reinigungsartikel [&hellip;]<\/p>\n","protected":false},"author":1,"featured_media":0,"parent":0,"menu_order":0,"comment_status":"closed","ping_status":"closed","template":"","meta":{"site-sidebar-layout":"","site-content-layout":"","ast-site-content-layout":"default","site-content-style":"default","site-sidebar-style":"default","ast-global-header-display":"","ast-banner-title-visibility":"","ast-main-header-display":"","ast-hfb-above-header-display":"","ast-hfb-below-header-display":"","ast-hfb-mobile-header-display":"","site-post-title":"disabled","ast-breadcrumbs-content":"","ast-featured-img":"","footer-sml-layout":"","theme-transparent-header-meta":"","adv-header-id-meta":"","stick-header-meta":"","header-above-stick-meta":"","header-main-stick-meta":"","header-below-stick-meta":"","astra-migrate-meta-layouts":"default","ast-page-background-enabled":"default","ast-page-background-meta":{"desktop":{"background-color":"","background-image":"","background-repeat":"repeat","background-position":"center center","background-size":"auto","background-attachment":"scroll","background-type":"","background-media":"","overlay-type":"","overlay-color":"","overlay-opacity":"","overlay-gradient":""},"tablet":{"background-color":"","background-image":"","background-repeat":"repeat","background-position":"center center","background-size":"auto","background-attachment":"scroll","background-type":"","background-media":"","overlay-type":"","overlay-color":"","overlay-opacity":"","overlay-gradient":""},"mobile":{"background-color":"","background-image":"","background-repeat":"repeat","background-position":"center center","background-size":"auto","background-attachment":"scroll","background-type":"","background-media":"","overlay-type":"","overlay-color":"","overlay-opacity":"","overlay-gradient":""}},"ast-content-background-meta":{"desktop":{"background-color":"var(--ast-global-color-5)","background-image":"","background-repeat":"repeat","background-position":"center center","background-size":"auto","background-attachment":"scroll","background-type":"","background-media":"","overlay-type":"","overlay-color":"","overlay-opacity":"","overlay-gradient":""},"tablet":{"background-color":"var(--ast-global-color-5)","background-image":"","background-repeat":"repeat","background-position":"center center","background-size":"auto","background-attachment":"scroll","background-type":"","background-media":"","overlay-type":"","overlay-color":"","overlay-opacity":"","overlay-gradient":""},"mobile":{"background-color":"var(--ast-global-color-5)","background-image":"","background-repeat":"repeat","background-position":"center center","background-size":"auto","background-attachment":"scroll","background-type":"","background-media":"","overlay-type":"","overlay-color":"","overlay-opacity":"","overlay-gradient":""}},"footnotes":""},"class_list":["post-662","page","type-page","status-publish","hentry"],"yoast_head":"<!-- This site is optimized with the Yoast SEO plugin v26.2 - https:\/\/yoast.com\/wordpress\/plugins\/seo\/ -->\n<title>Jobs - Heeb Systemtechnik<\/title>\n<meta name=\"description\" content=\"Heeb Systemtechnik offer solutions around everything concerning flat module assembly with a focus on the stencil printing process and the placement process.\" \/>\n<meta name=\"robots\" content=\"index, follow, max-snippet:-1, max-image-preview:large, max-video-preview:-1\" \/>\n<link rel=\"canonical\" href=\"https:\/\/heeb-systemtechnik.de\/en\/jobs\/\" \/>\n<meta property=\"og:locale\" content=\"en_US\" \/>\n<meta property=\"og:type\" content=\"article\" \/>\n<meta property=\"og:title\" content=\"Jobs - Heeb Systemtechnik\" \/>\n<meta property=\"og:description\" content=\"Heeb Systemtechnik offer solutions around everything concerning flat module assembly with a focus on the stencil printing process and the placement process.\" \/>\n<meta property=\"og:url\" content=\"https:\/\/heeb-systemtechnik.de\/en\/jobs\/\" \/>\n<meta property=\"og:site_name\" content=\"Heeb Systemtechnik\" \/>\n<meta property=\"article:modified_time\" content=\"2023-04-17T09:23:29+00:00\" \/>\n<meta property=\"og:image\" content=\"https:\/\/heeb-systemtechnik.de\/wp-content\/uploads\/2022\/10\/header-unterseiten2.jpg\" \/>\n<meta name=\"twitter:card\" content=\"summary_large_image\" \/>\n<meta name=\"twitter:label1\" content=\"Est. reading time\" \/>\n\t<meta name=\"twitter:data1\" content=\"1 minute\" \/>\n<script type=\"application\/ld+json\" class=\"yoast-schema-graph\">{\"@context\":\"https:\/\/schema.org\",\"@graph\":[{\"@type\":\"WebPage\",\"@id\":\"https:\/\/heeb-systemtechnik.de\/en\/jobs\/\",\"url\":\"https:\/\/heeb-systemtechnik.de\/en\/jobs\/\",\"name\":\"Jobs - Heeb Systemtechnik\",\"isPartOf\":{\"@id\":\"https:\/\/heeb-systemtechnik.de\/en\/#website\"},\"primaryImageOfPage\":{\"@id\":\"https:\/\/heeb-systemtechnik.de\/en\/jobs\/#primaryimage\"},\"image\":{\"@id\":\"https:\/\/heeb-systemtechnik.de\/en\/jobs\/#primaryimage\"},\"thumbnailUrl\":\"https:\/\/heeb-systemtechnik.de\/wp-content\/uploads\/2022\/10\/header-unterseiten2.jpg\",\"datePublished\":\"2022-05-11T11:21:49+00:00\",\"dateModified\":\"2023-04-17T09:23:29+00:00\",\"description\":\"Heeb Systemtechnik offer solutions around everything concerning flat module assembly with a focus on the stencil printing process and the placement process.\",\"breadcrumb\":{\"@id\":\"https:\/\/heeb-systemtechnik.de\/en\/jobs\/#breadcrumb\"},\"inLanguage\":\"en-US\",\"potentialAction\":[{\"@type\":\"ReadAction\",\"target\":[\"https:\/\/heeb-systemtechnik.de\/en\/jobs\/\"]}]},{\"@type\":\"ImageObject\",\"inLanguage\":\"en-US\",\"@id\":\"https:\/\/heeb-systemtechnik.de\/en\/jobs\/#primaryimage\",\"url\":\"https:\/\/heeb-systemtechnik.de\/wp-content\/uploads\/2022\/10\/header-unterseiten2.jpg\",\"contentUrl\":\"https:\/\/heeb-systemtechnik.de\/wp-content\/uploads\/2022\/10\/header-unterseiten2.jpg\"},{\"@type\":\"BreadcrumbList\",\"@id\":\"https:\/\/heeb-systemtechnik.de\/en\/jobs\/#breadcrumb\",\"itemListElement\":[{\"@type\":\"ListItem\",\"position\":1,\"name\":\"Startseite\",\"item\":\"https:\/\/heeb-systemtechnik.de\/en\/\"},{\"@type\":\"ListItem\",\"position\":2,\"name\":\"Jobs\"}]},{\"@type\":\"WebSite\",\"@id\":\"https:\/\/heeb-systemtechnik.de\/en\/#website\",\"url\":\"https:\/\/heeb-systemtechnik.de\/en\/\",\"name\":\"Heeb Systemtechnik\",\"description\":\"Just another WordPress site\",\"publisher\":{\"@id\":\"https:\/\/heeb-systemtechnik.de\/en\/#organization\"},\"potentialAction\":[{\"@type\":\"SearchAction\",\"target\":{\"@type\":\"EntryPoint\",\"urlTemplate\":\"https:\/\/heeb-systemtechnik.de\/en\/?s={search_term_string}\"},\"query-input\":{\"@type\":\"PropertyValueSpecification\",\"valueRequired\":true,\"valueName\":\"search_term_string\"}}],\"inLanguage\":\"en-US\"},{\"@type\":\"Organization\",\"@id\":\"https:\/\/heeb-systemtechnik.de\/en\/#organization\",\"name\":\"Heeb Systemtechnik\",\"url\":\"https:\/\/heeb-systemtechnik.de\/en\/\",\"logo\":{\"@type\":\"ImageObject\",\"inLanguage\":\"en-US\",\"@id\":\"https:\/\/heeb-systemtechnik.de\/en\/#\/schema\/logo\/image\/\",\"url\":\"https:\/\/heeb-systemtechnik.de\/wp-content\/uploads\/2023\/02\/cropped-heeb-systemtechnik-logo-2023-transparent.png\",\"contentUrl\":\"https:\/\/heeb-systemtechnik.de\/wp-content\/uploads\/2023\/02\/cropped-heeb-systemtechnik-logo-2023-transparent.png\",\"width\":900,\"height\":182,\"caption\":\"Heeb Systemtechnik\"},\"image\":{\"@id\":\"https:\/\/heeb-systemtechnik.de\/en\/#\/schema\/logo\/image\/\"}}]}<\/script>\n<!-- \/ Yoast SEO plugin. -->","yoast_head_json":{"title":"Jobs - Heeb Systemtechnik","description":"Heeb Systemtechnik offer solutions around everything concerning flat module assembly with a focus on the stencil printing process and the placement process.","robots":{"index":"index","follow":"follow","max-snippet":"max-snippet:-1","max-image-preview":"max-image-preview:large","max-video-preview":"max-video-preview:-1"},"canonical":"https:\/\/heeb-systemtechnik.de\/en\/jobs\/","og_locale":"en_US","og_type":"article","og_title":"Jobs - Heeb Systemtechnik","og_description":"Heeb Systemtechnik offer solutions around everything concerning flat module assembly with a focus on the stencil printing process and the placement process.","og_url":"https:\/\/heeb-systemtechnik.de\/en\/jobs\/","og_site_name":"Heeb Systemtechnik","article_modified_time":"2023-04-17T09:23:29+00:00","og_image":[{"url":"https:\/\/heeb-systemtechnik.de\/wp-content\/uploads\/2022\/10\/header-unterseiten2.jpg","type":"","width":"","height":""}],"twitter_card":"summary_large_image","twitter_misc":{"Est. reading time":"1 minute"},"schema":{"@context":"https:\/\/schema.org","@graph":[{"@type":"WebPage","@id":"https:\/\/heeb-systemtechnik.de\/en\/jobs\/","url":"https:\/\/heeb-systemtechnik.de\/en\/jobs\/","name":"Jobs - Heeb Systemtechnik","isPartOf":{"@id":"https:\/\/heeb-systemtechnik.de\/en\/#website"},"primaryImageOfPage":{"@id":"https:\/\/heeb-systemtechnik.de\/en\/jobs\/#primaryimage"},"image":{"@id":"https:\/\/heeb-systemtechnik.de\/en\/jobs\/#primaryimage"},"thumbnailUrl":"https:\/\/heeb-systemtechnik.de\/wp-content\/uploads\/2022\/10\/header-unterseiten2.jpg","datePublished":"2022-05-11T11:21:49+00:00","dateModified":"2023-04-17T09:23:29+00:00","description":"Heeb Systemtechnik offer solutions around everything concerning flat module assembly with a focus on the stencil printing process and the placement process.","breadcrumb":{"@id":"https:\/\/heeb-systemtechnik.de\/en\/jobs\/#breadcrumb"},"inLanguage":"en-US","potentialAction":[{"@type":"ReadAction","target":["https:\/\/heeb-systemtechnik.de\/en\/jobs\/"]}]},{"@type":"ImageObject","inLanguage":"en-US","@id":"https:\/\/heeb-systemtechnik.de\/en\/jobs\/#primaryimage","url":"https:\/\/heeb-systemtechnik.de\/wp-content\/uploads\/2022\/10\/header-unterseiten2.jpg","contentUrl":"https:\/\/heeb-systemtechnik.de\/wp-content\/uploads\/2022\/10\/header-unterseiten2.jpg"},{"@type":"BreadcrumbList","@id":"https:\/\/heeb-systemtechnik.de\/en\/jobs\/#breadcrumb","itemListElement":[{"@type":"ListItem","position":1,"name":"Startseite","item":"https:\/\/heeb-systemtechnik.de\/en\/"},{"@type":"ListItem","position":2,"name":"Jobs"}]},{"@type":"WebSite","@id":"https:\/\/heeb-systemtechnik.de\/en\/#website","url":"https:\/\/heeb-systemtechnik.de\/en\/","name":"Heeb Systemtechnik","description":"Just another WordPress site","publisher":{"@id":"https:\/\/heeb-systemtechnik.de\/en\/#organization"},"potentialAction":[{"@type":"SearchAction","target":{"@type":"EntryPoint","urlTemplate":"https:\/\/heeb-systemtechnik.de\/en\/?s={search_term_string}"},"query-input":{"@type":"PropertyValueSpecification","valueRequired":true,"valueName":"search_term_string"}}],"inLanguage":"en-US"},{"@type":"Organization","@id":"https:\/\/heeb-systemtechnik.de\/en\/#organization","name":"Heeb Systemtechnik","url":"https:\/\/heeb-systemtechnik.de\/en\/","logo":{"@type":"ImageObject","inLanguage":"en-US","@id":"https:\/\/heeb-systemtechnik.de\/en\/#\/schema\/logo\/image\/","url":"https:\/\/heeb-systemtechnik.de\/wp-content\/uploads\/2023\/02\/cropped-heeb-systemtechnik-logo-2023-transparent.png","contentUrl":"https:\/\/heeb-systemtechnik.de\/wp-content\/uploads\/2023\/02\/cropped-heeb-systemtechnik-logo-2023-transparent.png","width":900,"height":182,"caption":"Heeb Systemtechnik"},"image":{"@id":"https:\/\/heeb-systemtechnik.de\/en\/#\/schema\/logo\/image\/"}}]}},"_links":{"self":[{"href":"https:\/\/heeb-systemtechnik.de\/en\/wp-json\/wp\/v2\/pages\/662","targetHints":{"allow":["GET"]}}],"collection":[{"href":"https:\/\/heeb-systemtechnik.de\/en\/wp-json\/wp\/v2\/pages"}],"about":[{"href":"https:\/\/heeb-systemtechnik.de\/en\/wp-json\/wp\/v2\/types\/page"}],"author":[{"embeddable":true,"href":"https:\/\/heeb-systemtechnik.de\/en\/wp-json\/wp\/v2\/users\/1"}],"replies":[{"embeddable":true,"href":"https:\/\/heeb-systemtechnik.de\/en\/wp-json\/wp\/v2\/comments?post=662"}],"version-history":[{"count":2,"href":"https:\/\/heeb-systemtechnik.de\/en\/wp-json\/wp\/v2\/pages\/662\/revisions"}],"predecessor-version":[{"id":3998,"href":"https:\/\/heeb-systemtechnik.de\/en\/wp-json\/wp\/v2\/pages\/662\/revisions\/3998"}],"wp:attachment":[{"href":"https:\/\/heeb-systemtechnik.de\/en\/wp-json\/wp\/v2\/media?parent=662"}],"curies":[{"name":"wp","href":"https:\/\/api.w.org\/{rel}","templated":true}]}}