{"id":660,"date":"2022-05-13T15:54:34","date_gmt":"2022-05-13T13:54:34","guid":{"rendered":"https:\/\/heeb.pixelnerdstest.de\/impressum\/"},"modified":"2024-06-10T13:08:49","modified_gmt":"2024-06-10T11:08:49","slug":"impressum","status":"publish","type":"page","link":"https:\/\/heeb-systemtechnik.de\/en\/impressum\/","title":{"rendered":"Imprint"},"content":{"rendered":"\n\n\t<h1>Impressum<\/h1>\n<h2>Angaben gem\u00e4\u00df \u00a7 5 TMG<\/h2>\nDipl.-Ing. (FH) Dietmar Heeb<br \/>\nHeeb Systemtechnik<br \/>\nHenningsweg 13<br \/>\n47509 Rheurdt\n<h2>Kontakt<\/h2>\nTelefon: +49 (0) 2845 3097126<br \/>\nTelefax: +49 (0) 2845 3097048<br \/>\nE-Mail: info@heeb-systemtechnik.de\n<h2>Umsatzsteuer-ID<\/h2>\nUmsatzsteuer-Identifikationsnummer gem\u00e4\u00df \u00a7 27 a Umsatzsteuergesetz:<br \/>\nDE 266 526 936\n<h2>Verbraucher\u00adstreit\u00adbeilegung\/Universal\u00adschlichtungs\u00adstelle<\/h2>\n<p>Wir sind nicht bereit oder verpflichtet, an Streitbeilegungsverfahren vor einer Verbraucherschlichtungsstelle teilzunehmen.<\/p>\n\t<h4><strong>Design &amp; Technische Umsetzung<\/strong><\/h4>\nPixelnerds GmbH<strong><br \/>\n<\/strong>Dicksche Heide 26<br \/>\n47506 Neukirchen-Vluyn\nTelefon: +49 (0)2845 3995931<br \/>\nInternet:\u00a0<a href=\"https:\/\/pixelnerds.de\/\" target=\"_blank\" rel=\"noopener\">www.pixelnerds.de<\/a><br \/>\nE-Mail:\u00a0<a href=\"mailto:info@pixelnerds.de\">info@pixelnerds.de<\/a>\n<h4><strong>AGB<\/strong><\/h4>\n<p>Es gelten unsere AGB\u00b4s &#8211; als\u00a0<a href=\"http:\/\/heeb-systemtechnik.de\/wp-content\/uploads\/2022\/11\/agb_hs.pdf\" target=\"_blank\" rel=\"noopener\">.pdf zum Download<\/a>\u00a0[ ca. 44 KB ]<\/p>\n<h4><strong>Haftungsausschuss<\/strong><\/h4>\nDas Internetangebot wird mit gr\u00f6\u00dftm\u00f6glicher Sorgfalt zusammengestellt und gepflegt. Eine Garantie f\u00fcr die<br \/>\nFehlerfreiheit, Genauigkeit und Vollst\u00e4ndigkeit der Angaben kann das Steuerb\u00fcro Klaus Bl\u00e4ser jedoch nicht<br \/>\n\u00fcbernehmen und schlie\u00dft dabei eine Haftung f\u00fcr Verluste oder Sch\u00e4den jeder Art, die direkt oder indirekt aus<br \/>\nder Nutzung des Onlineangebotes dieser Website entstehen, aus.\n<p>Alle Links auf externe Seiten wurden von uns bei Erstellung der Seite sorgf\u00e4ltig gepr\u00fcft. M\u00f6gliche Rechtsverst\u00f6\u00dfe waren zum Zeitpunkt der Verlinkung nicht erkennbar. Allerdings haben wir keinen Einfluss auf die Inhalte verlinkter Seiten, hierf\u00fcr ist der jeweilige Dienstanbieter verantwortlich. Sollten rechtswidrige Seiten \u00fcber die Hyperlinks abrufbar sein, bitten wir um eine Mitteilung an\u00a0<a href=\"mailto:info@heeb-systemtechnik.de\" target=\"_self\" rel=\"noopener\">Heeb Systemtechnik<\/a>. Wir werden dies dann \u00fcberpr\u00fcfen und die Links ggf. entfernen.<\/p>\n<p><strong>Das Copyright<\/strong>\u00a0benutzter Fotos unterliegen dem jeweiligen Fotografen.<\/p>\n\t<div class=\"BorlabsCookie _brlbs-cb-googlemaps\"><div class=\"_brlbs-content-blocker\"> <div class=\"_brlbs-embed _brlbs-google-maps\"> <img class=\"_brlbs-thumbnail\" src=\"https:\/\/heeb-systemtechnik.de\/wp-content\/plugins\/borlabs-cookie\/assets\/images\/cb-maps.png\" alt=\"Google Maps\"> <div class=\"_brlbs-caption\"> <p>Mit dem Laden der Karte akzeptieren Sie die Datenschutzerkl\u00e4rung von Google.<br><a href=\"https:\/\/policies.google.com\/privacy\" target=\"_blank\" rel=\"nofollow noopener noreferrer\">Mehr erfahren<\/a><\/p> <p><a class=\"_brlbs-btn\" href=\"#\" data-borlabs-cookie-unblock role=\"button\">Karte laden<\/a><\/p> <p><label><input type=\"checkbox\" name=\"unblockAll\" value=\"1\" checked> <small>Google Maps immer entsperren<\/small><\/label><\/p> <\/div> <\/div> <\/div><div class=\"borlabs-hide\" data-borlabs-cookie-type=\"content-blocker\" data-borlabs-cookie-id=\"googlemaps\"><script type=\"text\/template\">PGlmcmFtZSBzcmM9Imh0dHBzOi8vd3d3Lmdvb2dsZS5jb20vbWFwcy9lbWJlZC92MS9wbGFjZT9xPUhlZWIrU3lzdGVtdGVjaG5paysmIzAzODtrZXk9QUl6YVN5RDA5elE5UE5ETk55OVRhZE11elJWX1VzUFVvV0tudHQ4IiBhcmlhLWhpZGRlbj0idHJ1ZSI+PC9pZnJhbWU+<\/script><\/div><\/div>\n\t<h2>Webstore<\/h2>\nF\u00fcr Verbrauchsmaterialien,<br \/>\nErsatzteile und Maschinen\n\t\t\t<a href=\"http:\/\/shop.heeb-systemtechnik.de\/\" target=\"_blank\" role=\"button\" rel=\"noopener\">\n\t\t\t\t\t\t\tZum Shop\n\t\t\t<\/a>\n\n","protected":false},"excerpt":{"rendered":"<p>Impressum Angaben gem\u00e4\u00df \u00a7 5 TMG Dipl.-Ing. (FH) Dietmar Heeb Heeb Systemtechnik Henningsweg 13 47509 Rheurdt Kontakt Telefon: +49 (0) 2845 3097126 Telefax: +49 (0) 2845 3097048 E-Mail: info@heeb-systemtechnik.de Umsatzsteuer-ID Umsatzsteuer-Identifikationsnummer gem\u00e4\u00df \u00a7 27 a Umsatzsteuergesetz: DE 266 526 936 Verbraucher\u00adstreit\u00adbeilegung\/Universal\u00adschlichtungs\u00adstelle Wir sind nicht bereit oder verpflichtet, an Streitbeilegungsverfahren vor einer Verbraucherschlichtungsstelle teilzunehmen. Design &amp; [&hellip;]<\/p>\n","protected":false},"author":1,"featured_media":0,"parent":0,"menu_order":0,"comment_status":"closed","ping_status":"closed","template":"","meta":{"site-sidebar-layout":"","site-content-layout":"","ast-site-content-layout":"default","site-content-style":"default","site-sidebar-style":"default","ast-global-header-display":"","ast-banner-title-visibility":"","ast-main-header-display":"","ast-hfb-above-header-display":"","ast-hfb-below-header-display":"","ast-hfb-mobile-header-display":"","site-post-title":"disabled","ast-breadcrumbs-content":"","ast-featured-img":"","footer-sml-layout":"","theme-transparent-header-meta":"","adv-header-id-meta":"","stick-header-meta":"","header-above-stick-meta":"","header-main-stick-meta":"","header-below-stick-meta":"","astra-migrate-meta-layouts":"default","ast-page-background-enabled":"default","ast-page-background-meta":{"desktop":{"background-color":"","background-image":"","background-repeat":"repeat","background-position":"center center","background-size":"auto","background-attachment":"scroll","background-type":"","background-media":"","overlay-type":"","overlay-color":"","overlay-opacity":"","overlay-gradient":""},"tablet":{"background-color":"","background-image":"","background-repeat":"repeat","background-position":"center center","background-size":"auto","background-attachment":"scroll","background-type":"","background-media":"","overlay-type":"","overlay-color":"","overlay-opacity":"","overlay-gradient":""},"mobile":{"background-color":"","background-image":"","background-repeat":"repeat","background-position":"center center","background-size":"auto","background-attachment":"scroll","background-type":"","background-media":"","overlay-type":"","overlay-color":"","overlay-opacity":"","overlay-gradient":""}},"ast-content-background-meta":{"desktop":{"background-color":"var(--ast-global-color-5)","background-image":"","background-repeat":"repeat","background-position":"center center","background-size":"auto","background-attachment":"scroll","background-type":"","background-media":"","overlay-type":"","overlay-color":"","overlay-opacity":"","overlay-gradient":""},"tablet":{"background-color":"var(--ast-global-color-5)","background-image":"","background-repeat":"repeat","background-position":"center center","background-size":"auto","background-attachment":"scroll","background-type":"","background-media":"","overlay-type":"","overlay-color":"","overlay-opacity":"","overlay-gradient":""},"mobile":{"background-color":"var(--ast-global-color-5)","background-image":"","background-repeat":"repeat","background-position":"center center","background-size":"auto","background-attachment":"scroll","background-type":"","background-media":"","overlay-type":"","overlay-color":"","overlay-opacity":"","overlay-gradient":""}},"footnotes":""},"class_list":["post-660","page","type-page","status-publish","hentry"],"yoast_head":"<!-- This site is optimized with the Yoast SEO plugin v26.2 - https:\/\/yoast.com\/wordpress\/plugins\/seo\/ -->\n<title>Imprint - Heeb Systemtechnik<\/title>\n<meta name=\"description\" content=\"Imprint\" \/>\n<meta name=\"robots\" content=\"index, follow, max-snippet:-1, max-image-preview:large, max-video-preview:-1\" \/>\n<link rel=\"canonical\" href=\"https:\/\/heeb-systemtechnik.de\/en\/impressum\/\" \/>\n<meta property=\"og:locale\" content=\"en_US\" \/>\n<meta property=\"og:type\" content=\"article\" \/>\n<meta property=\"og:title\" content=\"Imprint - Heeb Systemtechnik\" \/>\n<meta property=\"og:description\" content=\"Imprint\" \/>\n<meta property=\"og:url\" content=\"https:\/\/heeb-systemtechnik.de\/en\/impressum\/\" \/>\n<meta property=\"og:site_name\" content=\"Heeb Systemtechnik\" \/>\n<meta property=\"article:modified_time\" content=\"2024-06-10T11:08:49+00:00\" \/>\n<meta name=\"twitter:card\" content=\"summary_large_image\" \/>\n<meta name=\"twitter:label1\" content=\"Est. reading time\" \/>\n\t<meta name=\"twitter:data1\" content=\"1 minute\" \/>\n<script type=\"application\/ld+json\" class=\"yoast-schema-graph\">{\"@context\":\"https:\/\/schema.org\",\"@graph\":[{\"@type\":\"WebPage\",\"@id\":\"https:\/\/heeb-systemtechnik.de\/en\/impressum\/\",\"url\":\"https:\/\/heeb-systemtechnik.de\/en\/impressum\/\",\"name\":\"Imprint - Heeb Systemtechnik\",\"isPartOf\":{\"@id\":\"https:\/\/heeb-systemtechnik.de\/en\/#website\"},\"datePublished\":\"2022-05-13T13:54:34+00:00\",\"dateModified\":\"2024-06-10T11:08:49+00:00\",\"description\":\"Imprint\",\"breadcrumb\":{\"@id\":\"https:\/\/heeb-systemtechnik.de\/en\/impressum\/#breadcrumb\"},\"inLanguage\":\"en-US\",\"potentialAction\":[{\"@type\":\"ReadAction\",\"target\":[\"https:\/\/heeb-systemtechnik.de\/en\/impressum\/\"]}]},{\"@type\":\"BreadcrumbList\",\"@id\":\"https:\/\/heeb-systemtechnik.de\/en\/impressum\/#breadcrumb\",\"itemListElement\":[{\"@type\":\"ListItem\",\"position\":1,\"name\":\"Startseite\",\"item\":\"https:\/\/heeb-systemtechnik.de\/en\/\"},{\"@type\":\"ListItem\",\"position\":2,\"name\":\"Imprint\"}]},{\"@type\":\"WebSite\",\"@id\":\"https:\/\/heeb-systemtechnik.de\/en\/#website\",\"url\":\"https:\/\/heeb-systemtechnik.de\/en\/\",\"name\":\"Heeb Systemtechnik\",\"description\":\"Just another WordPress site\",\"publisher\":{\"@id\":\"https:\/\/heeb-systemtechnik.de\/en\/#organization\"},\"potentialAction\":[{\"@type\":\"SearchAction\",\"target\":{\"@type\":\"EntryPoint\",\"urlTemplate\":\"https:\/\/heeb-systemtechnik.de\/en\/?s={search_term_string}\"},\"query-input\":{\"@type\":\"PropertyValueSpecification\",\"valueRequired\":true,\"valueName\":\"search_term_string\"}}],\"inLanguage\":\"en-US\"},{\"@type\":\"Organization\",\"@id\":\"https:\/\/heeb-systemtechnik.de\/en\/#organization\",\"name\":\"Heeb Systemtechnik\",\"url\":\"https:\/\/heeb-systemtechnik.de\/en\/\",\"logo\":{\"@type\":\"ImageObject\",\"inLanguage\":\"en-US\",\"@id\":\"https:\/\/heeb-systemtechnik.de\/en\/#\/schema\/logo\/image\/\",\"url\":\"https:\/\/heeb-systemtechnik.de\/wp-content\/uploads\/2023\/02\/cropped-heeb-systemtechnik-logo-2023-transparent.png\",\"contentUrl\":\"https:\/\/heeb-systemtechnik.de\/wp-content\/uploads\/2023\/02\/cropped-heeb-systemtechnik-logo-2023-transparent.png\",\"width\":900,\"height\":182,\"caption\":\"Heeb Systemtechnik\"},\"image\":{\"@id\":\"https:\/\/heeb-systemtechnik.de\/en\/#\/schema\/logo\/image\/\"}}]}<\/script>\n<!-- \/ Yoast SEO plugin. -->","yoast_head_json":{"title":"Imprint - Heeb Systemtechnik","description":"Imprint","robots":{"index":"index","follow":"follow","max-snippet":"max-snippet:-1","max-image-preview":"max-image-preview:large","max-video-preview":"max-video-preview:-1"},"canonical":"https:\/\/heeb-systemtechnik.de\/en\/impressum\/","og_locale":"en_US","og_type":"article","og_title":"Imprint - Heeb Systemtechnik","og_description":"Imprint","og_url":"https:\/\/heeb-systemtechnik.de\/en\/impressum\/","og_site_name":"Heeb Systemtechnik","article_modified_time":"2024-06-10T11:08:49+00:00","twitter_card":"summary_large_image","twitter_misc":{"Est. reading time":"1 minute"},"schema":{"@context":"https:\/\/schema.org","@graph":[{"@type":"WebPage","@id":"https:\/\/heeb-systemtechnik.de\/en\/impressum\/","url":"https:\/\/heeb-systemtechnik.de\/en\/impressum\/","name":"Imprint - Heeb Systemtechnik","isPartOf":{"@id":"https:\/\/heeb-systemtechnik.de\/en\/#website"},"datePublished":"2022-05-13T13:54:34+00:00","dateModified":"2024-06-10T11:08:49+00:00","description":"Imprint","breadcrumb":{"@id":"https:\/\/heeb-systemtechnik.de\/en\/impressum\/#breadcrumb"},"inLanguage":"en-US","potentialAction":[{"@type":"ReadAction","target":["https:\/\/heeb-systemtechnik.de\/en\/impressum\/"]}]},{"@type":"BreadcrumbList","@id":"https:\/\/heeb-systemtechnik.de\/en\/impressum\/#breadcrumb","itemListElement":[{"@type":"ListItem","position":1,"name":"Startseite","item":"https:\/\/heeb-systemtechnik.de\/en\/"},{"@type":"ListItem","position":2,"name":"Imprint"}]},{"@type":"WebSite","@id":"https:\/\/heeb-systemtechnik.de\/en\/#website","url":"https:\/\/heeb-systemtechnik.de\/en\/","name":"Heeb Systemtechnik","description":"Just another WordPress site","publisher":{"@id":"https:\/\/heeb-systemtechnik.de\/en\/#organization"},"potentialAction":[{"@type":"SearchAction","target":{"@type":"EntryPoint","urlTemplate":"https:\/\/heeb-systemtechnik.de\/en\/?s={search_term_string}"},"query-input":{"@type":"PropertyValueSpecification","valueRequired":true,"valueName":"search_term_string"}}],"inLanguage":"en-US"},{"@type":"Organization","@id":"https:\/\/heeb-systemtechnik.de\/en\/#organization","name":"Heeb Systemtechnik","url":"https:\/\/heeb-systemtechnik.de\/en\/","logo":{"@type":"ImageObject","inLanguage":"en-US","@id":"https:\/\/heeb-systemtechnik.de\/en\/#\/schema\/logo\/image\/","url":"https:\/\/heeb-systemtechnik.de\/wp-content\/uploads\/2023\/02\/cropped-heeb-systemtechnik-logo-2023-transparent.png","contentUrl":"https:\/\/heeb-systemtechnik.de\/wp-content\/uploads\/2023\/02\/cropped-heeb-systemtechnik-logo-2023-transparent.png","width":900,"height":182,"caption":"Heeb Systemtechnik"},"image":{"@id":"https:\/\/heeb-systemtechnik.de\/en\/#\/schema\/logo\/image\/"}}]}},"_links":{"self":[{"href":"https:\/\/heeb-systemtechnik.de\/en\/wp-json\/wp\/v2\/pages\/660","targetHints":{"allow":["GET"]}}],"collection":[{"href":"https:\/\/heeb-systemtechnik.de\/en\/wp-json\/wp\/v2\/pages"}],"about":[{"href":"https:\/\/heeb-systemtechnik.de\/en\/wp-json\/wp\/v2\/types\/page"}],"author":[{"embeddable":true,"href":"https:\/\/heeb-systemtechnik.de\/en\/wp-json\/wp\/v2\/users\/1"}],"replies":[{"embeddable":true,"href":"https:\/\/heeb-systemtechnik.de\/en\/wp-json\/wp\/v2\/comments?post=660"}],"version-history":[{"count":3,"href":"https:\/\/heeb-systemtechnik.de\/en\/wp-json\/wp\/v2\/pages\/660\/revisions"}],"predecessor-version":[{"id":7855,"href":"https:\/\/heeb-systemtechnik.de\/en\/wp-json\/wp\/v2\/pages\/660\/revisions\/7855"}],"wp:attachment":[{"href":"https:\/\/heeb-systemtechnik.de\/en\/wp-json\/wp\/v2\/media?parent=660"}],"curies":[{"name":"wp","href":"https:\/\/api.w.org\/{rel}","templated":true}]}}