{"id":652,"date":"2022-03-31T09:37:08","date_gmt":"2022-03-31T07:37:08","guid":{"rendered":"https:\/\/heeb.pixelnerdstest.de\/ersatzteile-fuer-produktionsanlagen\/"},"modified":"2023-04-17T11:25:20","modified_gmt":"2023-04-17T09:25:20","slug":"ersatzteile-fuer-produktionsanlagen","status":"publish","type":"page","link":"https:\/\/heeb-systemtechnik.de\/en\/ersatzteile-fuer-produktionsanlagen\/","title":{"rendered":"Spare parts for production systems"},"content":{"rendered":"\n<img loading=\"lazy\" decoding=\"async\" src=\"https:\/\/heeb-systemtechnik.de\/wp-content\/uploads\/2022\/09\/header-unterseiten1.jpg\" alt=\"header-unterseiten1\" itemprop=\"image\" height=\"547\" width=\"2560\" title=\"header-unterseiten1\" onerror=\"this.style.display='none'\">\n<h1>\n\t\tDie passenden Ersatzteile f\u00fcr Ihre Produktionsanlagen\n\t<\/h1>\n\t<p>Wie bieten neue und gebrauchte Ersatzteile f\u00fcr eine Vielzahl von Produktionsanlagen verschiedener Hersteller an:<\/p>\n\t\t\t\t\t<a href=\"#\" id=\"fl-accordion--label-0\" tabindex=\"0\" aria-controls=\"fl-accordion--panel-0\">Schablonendruckanlagen<\/a>\n\t\t\t\t\t<p><img loading=\"lazy\" decoding=\"async\" src=\"https:\/\/heeb-systemtechnik.de\/wp-content\/uploads\/2022\/10\/Rakel.jpg\" alt=\"\" width=\"600\" height=\"279\"><\/p>\n<p>Wir f\u00fchren Ersatzteile f\u00fcr Schablonendruckanlagen folgender Marken in unserem Shop, wie beispielsweise <a href=\"https:\/\/heeb-systemtechnik.de\/en\/asm-dek-products\/\"><strong>Kameras<\/strong><\/a>, Rakel\/-bl\u00e4tter, Motoren, Haubend\u00e4mpfer uvm.<\/p>\n<ul>\n<li><a href=\"https:\/\/shop.heeb-systemtechnik.de\/collections\/ersatzteile-dek\">ASM \/ DEK<\/a><\/li>\n<li><a href=\"https:\/\/shop.heeb-systemtechnik.de\/collections\/ekra-ersatzteile\">EKRA<\/a><\/li>\n<li><a href=\"https:\/\/shop.heeb-systemtechnik.de\/collections\/ersa-ersatzteile\">ERSA<\/a><\/li>\n<li><a href=\"https:\/\/shop.heeb-systemtechnik.de\/collections\/mpm-ersatzteile\">MPM<\/a><\/li>\n<\/ul>\n\t\t\t\t\t<a href=\"#\" id=\"fl-accordion--label-1\" tabindex=\"0\" aria-controls=\"fl-accordion--panel-1\">Best\u00fcckungsautomaten<\/a>\n\t\t\t\t\t<p><img loading=\"lazy\" decoding=\"async\" src=\"https:\/\/heeb-systemtechnik.de\/wp-content\/uploads\/2022\/10\/Pipetten-scaled.jpg\" alt=\"\" width=\"600\" height=\"400\"><\/p>\n<p>F\u00fcr SMT-Best\u00fccker der u. g. Marken bieten wir eine Vielzahl an Ersatzteilen, Feedern und Pipetten an:<\/p>\n<ul>\n<li><a href=\"https:\/\/shop.heeb-systemtechnik.de\/collections\/ersatzteile-siplace\">Siplace<\/a><\/li>\n<li><a href=\"https:\/\/shop.heeb-systemtechnik.de\/collections\/ersatzteile-universal\">Universal\u00a0Instruments<\/a><\/li>\n<li><a href=\"https:\/\/shop.heeb-systemtechnik.de\/collections\/ersatzteile-assembleon\">Assembleon<\/a><\/li>\n<\/ul>\n\t\t\t\t\t<a href=\"#\" id=\"fl-accordion--label-2\" tabindex=\"0\" aria-controls=\"fl-accordion--panel-2\">Board Handling Module<\/a>\n\t\t\t\t\t<p><img loading=\"lazy\" decoding=\"async\" src=\"https:\/\/heeb-systemtechnik.de\/wp-content\/uploads\/2022\/10\/20220614_114412_resized.jpg\" alt=\"\" width=\"600\" height=\"450\"><\/p>\n<p>Finden Sie bei uns neue und gebrauchte Ersatzteile wie Riemen, Motoren und Bedienpulte f\u00fcr Board Handling Module der folgenden Marken:<\/p>\n<ul>\n<li><a href=\"https:\/\/shop.heeb-systemtechnik.de\/collections\/asys-ersatzteile\">ASYS<\/a><\/li>\n<li><a href=\"https:\/\/shop.heeb-systemtechnik.de\/collections\/rommel-ersatzteile\">Rommel<\/a><\/li>\n<\/ul>\n\t\t\t\t\t<a href=\"#\" id=\"fl-accordion--label-3\" tabindex=\"0\" aria-controls=\"fl-accordion--panel-3\">Reflow \u00d6fen \/ L\u00f6tanlagen<\/a>\n\t\t\t\t\t<p><img loading=\"lazy\" decoding=\"async\" src=\"https:\/\/heeb-systemtechnik.de\/wp-content\/uploads\/2022\/10\/Watercooling_Unit_VS_7038_1.jpg\" alt=\"\" width=\"600\" height=\"450\"><\/p>\n<p>Sie erhalten bei uns gebrauchte Ersatzteile f\u00fcr folgende Reflow \u00d6fen und L\u00f6tanlagen:<\/p>\n<ul>\n<li><a href=\"https:\/\/shop.heeb-systemtechnik.de\/collections\/vitronics-soltec-ersatzteile\">Vitronics Soltec<\/a><\/li>\n<\/ul>\n\t<h2>Jetzt bestellen<\/h2>\nFinden Sie Ihren passenden<br>\nArtikel bei uns im Webstore\n\t\t\t<a href=\"https:\/\/shop.heeb-systemtechnik.de\/pages\/ersatzteile\" target=\"_blank\" role=\"button\" rel=\"noopener\">\n\t\t\t\t\t\t\tZum Shop\n\t\t\t<\/a>\n\t<strong>You have questions or requests? &#8211;<\/strong><br>\nPlease contact us\n\t\t\t<a href=\"\/en\/kontakt\/\" target=\"_self\" role=\"button\" rel=\"noopener\">\n\t\t\t\t\t\t\tContact\n\t\t\t<\/a>\n","protected":false},"excerpt":{"rendered":"<p>Die passenden Ersatzteile f\u00fcr Ihre Produktionsanlagen Wie bieten neue und gebrauchte Ersatzteile f\u00fcr eine Vielzahl von Produktionsanlagen verschiedener Hersteller an: Schablonendruckanlagen Wir f\u00fchren Ersatzteile f\u00fcr Schablonendruckanlagen folgender Marken in unserem Shop, wie beispielsweise Kameras, Rakel\/-bl\u00e4tter, Motoren, Haubend\u00e4mpfer uvm. ASM \/ DEK EKRA ERSA MPM Best\u00fcckungsautomaten F\u00fcr SMT-Best\u00fccker der u. g. Marken bieten wir eine Vielzahl [&hellip;]<\/p>\n","protected":false},"author":1,"featured_media":0,"parent":0,"menu_order":0,"comment_status":"closed","ping_status":"closed","template":"","meta":{"site-sidebar-layout":"","site-content-layout":"","ast-site-content-layout":"default","site-content-style":"default","site-sidebar-style":"default","ast-global-header-display":"","ast-banner-title-visibility":"","ast-main-header-display":"","ast-hfb-above-header-display":"","ast-hfb-below-header-display":"","ast-hfb-mobile-header-display":"","site-post-title":"disabled","ast-breadcrumbs-content":"","ast-featured-img":"","footer-sml-layout":"","theme-transparent-header-meta":"","adv-header-id-meta":"","stick-header-meta":"","header-above-stick-meta":"","header-main-stick-meta":"","header-below-stick-meta":"","astra-migrate-meta-layouts":"default","ast-page-background-enabled":"default","ast-page-background-meta":{"desktop":{"background-color":"","background-image":"","background-repeat":"repeat","background-position":"center center","background-size":"auto","background-attachment":"scroll","background-type":"","background-media":"","overlay-type":"","overlay-color":"","overlay-opacity":"","overlay-gradient":""},"tablet":{"background-color":"","background-image":"","background-repeat":"repeat","background-position":"center center","background-size":"auto","background-attachment":"scroll","background-type":"","background-media":"","overlay-type":"","overlay-color":"","overlay-opacity":"","overlay-gradient":""},"mobile":{"background-color":"","background-image":"","background-repeat":"repeat","background-position":"center center","background-size":"auto","background-attachment":"scroll","background-type":"","background-media":"","overlay-type":"","overlay-color":"","overlay-opacity":"","overlay-gradient":""}},"ast-content-background-meta":{"desktop":{"background-color":"var(--ast-global-color-5)","background-image":"","background-repeat":"repeat","background-position":"center center","background-size":"auto","background-attachment":"scroll","background-type":"","background-media":"","overlay-type":"","overlay-color":"","overlay-opacity":"","overlay-gradient":""},"tablet":{"background-color":"var(--ast-global-color-5)","background-image":"","background-repeat":"repeat","background-position":"center center","background-size":"auto","background-attachment":"scroll","background-type":"","background-media":"","overlay-type":"","overlay-color":"","overlay-opacity":"","overlay-gradient":""},"mobile":{"background-color":"var(--ast-global-color-5)","background-image":"","background-repeat":"repeat","background-position":"center center","background-size":"auto","background-attachment":"scroll","background-type":"","background-media":"","overlay-type":"","overlay-color":"","overlay-opacity":"","overlay-gradient":""}},"footnotes":""},"class_list":["post-652","page","type-page","status-publish","hentry"],"yoast_head":"<!-- This site is optimized with the Yoast SEO plugin v26.2 - https:\/\/yoast.com\/wordpress\/plugins\/seo\/ -->\n<title>Spare parts for production systems - Heeb Systemtechnik<\/title>\n<meta name=\"description\" content=\"We offer new and pre-owned spare parts for a broad number of machines by different manufacturers.\" \/>\n<meta name=\"robots\" content=\"index, follow, max-snippet:-1, max-image-preview:large, max-video-preview:-1\" \/>\n<link rel=\"canonical\" href=\"https:\/\/heeb-systemtechnik.de\/en\/ersatzteile-fuer-produktionsanlagen\/\" \/>\n<meta property=\"og:locale\" content=\"en_US\" \/>\n<meta property=\"og:type\" content=\"article\" \/>\n<meta property=\"og:title\" content=\"Spare parts for production systems - Heeb Systemtechnik\" \/>\n<meta property=\"og:description\" content=\"We offer new and pre-owned spare parts for a broad number of machines by different manufacturers.\" \/>\n<meta property=\"og:url\" content=\"https:\/\/heeb-systemtechnik.de\/en\/ersatzteile-fuer-produktionsanlagen\/\" \/>\n<meta property=\"og:site_name\" content=\"Heeb Systemtechnik\" \/>\n<meta property=\"article:modified_time\" content=\"2023-04-17T09:25:20+00:00\" \/>\n<meta property=\"og:image\" content=\"https:\/\/heeb-systemtechnik.de\/wp-content\/uploads\/2022\/09\/header-unterseiten1.jpg\" \/>\n<meta name=\"twitter:card\" content=\"summary_large_image\" \/>\n<meta name=\"twitter:label1\" content=\"Est. reading time\" \/>\n\t<meta name=\"twitter:data1\" content=\"1 minute\" \/>\n<script type=\"application\/ld+json\" class=\"yoast-schema-graph\">{\"@context\":\"https:\/\/schema.org\",\"@graph\":[{\"@type\":\"WebPage\",\"@id\":\"https:\/\/heeb-systemtechnik.de\/en\/ersatzteile-fuer-produktionsanlagen\/\",\"url\":\"https:\/\/heeb-systemtechnik.de\/en\/ersatzteile-fuer-produktionsanlagen\/\",\"name\":\"Spare parts for production systems - Heeb Systemtechnik\",\"isPartOf\":{\"@id\":\"https:\/\/heeb-systemtechnik.de\/en\/#website\"},\"primaryImageOfPage\":{\"@id\":\"https:\/\/heeb-systemtechnik.de\/en\/ersatzteile-fuer-produktionsanlagen\/#primaryimage\"},\"image\":{\"@id\":\"https:\/\/heeb-systemtechnik.de\/en\/ersatzteile-fuer-produktionsanlagen\/#primaryimage\"},\"thumbnailUrl\":\"https:\/\/heeb-systemtechnik.de\/wp-content\/uploads\/2022\/09\/header-unterseiten1.jpg\",\"datePublished\":\"2022-03-31T07:37:08+00:00\",\"dateModified\":\"2023-04-17T09:25:20+00:00\",\"description\":\"We offer new and pre-owned spare parts for a broad number of machines by different manufacturers.\",\"breadcrumb\":{\"@id\":\"https:\/\/heeb-systemtechnik.de\/en\/ersatzteile-fuer-produktionsanlagen\/#breadcrumb\"},\"inLanguage\":\"en-US\",\"potentialAction\":[{\"@type\":\"ReadAction\",\"target\":[\"https:\/\/heeb-systemtechnik.de\/en\/ersatzteile-fuer-produktionsanlagen\/\"]}]},{\"@type\":\"ImageObject\",\"inLanguage\":\"en-US\",\"@id\":\"https:\/\/heeb-systemtechnik.de\/en\/ersatzteile-fuer-produktionsanlagen\/#primaryimage\",\"url\":\"https:\/\/heeb-systemtechnik.de\/wp-content\/uploads\/2022\/09\/header-unterseiten1.jpg\",\"contentUrl\":\"https:\/\/heeb-systemtechnik.de\/wp-content\/uploads\/2022\/09\/header-unterseiten1.jpg\"},{\"@type\":\"BreadcrumbList\",\"@id\":\"https:\/\/heeb-systemtechnik.de\/en\/ersatzteile-fuer-produktionsanlagen\/#breadcrumb\",\"itemListElement\":[{\"@type\":\"ListItem\",\"position\":1,\"name\":\"Startseite\",\"item\":\"https:\/\/heeb-systemtechnik.de\/en\/\"},{\"@type\":\"ListItem\",\"position\":2,\"name\":\"Spare parts for production systems\"}]},{\"@type\":\"WebSite\",\"@id\":\"https:\/\/heeb-systemtechnik.de\/en\/#website\",\"url\":\"https:\/\/heeb-systemtechnik.de\/en\/\",\"name\":\"Heeb Systemtechnik\",\"description\":\"Just another WordPress site\",\"publisher\":{\"@id\":\"https:\/\/heeb-systemtechnik.de\/en\/#organization\"},\"potentialAction\":[{\"@type\":\"SearchAction\",\"target\":{\"@type\":\"EntryPoint\",\"urlTemplate\":\"https:\/\/heeb-systemtechnik.de\/en\/?s={search_term_string}\"},\"query-input\":{\"@type\":\"PropertyValueSpecification\",\"valueRequired\":true,\"valueName\":\"search_term_string\"}}],\"inLanguage\":\"en-US\"},{\"@type\":\"Organization\",\"@id\":\"https:\/\/heeb-systemtechnik.de\/en\/#organization\",\"name\":\"Heeb Systemtechnik\",\"url\":\"https:\/\/heeb-systemtechnik.de\/en\/\",\"logo\":{\"@type\":\"ImageObject\",\"inLanguage\":\"en-US\",\"@id\":\"https:\/\/heeb-systemtechnik.de\/en\/#\/schema\/logo\/image\/\",\"url\":\"https:\/\/heeb-systemtechnik.de\/wp-content\/uploads\/2023\/02\/cropped-heeb-systemtechnik-logo-2023-transparent.png\",\"contentUrl\":\"https:\/\/heeb-systemtechnik.de\/wp-content\/uploads\/2023\/02\/cropped-heeb-systemtechnik-logo-2023-transparent.png\",\"width\":900,\"height\":182,\"caption\":\"Heeb Systemtechnik\"},\"image\":{\"@id\":\"https:\/\/heeb-systemtechnik.de\/en\/#\/schema\/logo\/image\/\"}}]}<\/script>\n<!-- \/ Yoast SEO plugin. -->","yoast_head_json":{"title":"Spare parts for production systems - Heeb Systemtechnik","description":"We offer new and pre-owned spare parts for a broad number of machines by different manufacturers.","robots":{"index":"index","follow":"follow","max-snippet":"max-snippet:-1","max-image-preview":"max-image-preview:large","max-video-preview":"max-video-preview:-1"},"canonical":"https:\/\/heeb-systemtechnik.de\/en\/ersatzteile-fuer-produktionsanlagen\/","og_locale":"en_US","og_type":"article","og_title":"Spare parts for production systems - Heeb Systemtechnik","og_description":"We offer new and pre-owned spare parts for a broad number of machines by different manufacturers.","og_url":"https:\/\/heeb-systemtechnik.de\/en\/ersatzteile-fuer-produktionsanlagen\/","og_site_name":"Heeb Systemtechnik","article_modified_time":"2023-04-17T09:25:20+00:00","og_image":[{"url":"https:\/\/heeb-systemtechnik.de\/wp-content\/uploads\/2022\/09\/header-unterseiten1.jpg","type":"","width":"","height":""}],"twitter_card":"summary_large_image","twitter_misc":{"Est. reading time":"1 minute"},"schema":{"@context":"https:\/\/schema.org","@graph":[{"@type":"WebPage","@id":"https:\/\/heeb-systemtechnik.de\/en\/ersatzteile-fuer-produktionsanlagen\/","url":"https:\/\/heeb-systemtechnik.de\/en\/ersatzteile-fuer-produktionsanlagen\/","name":"Spare parts for production systems - Heeb Systemtechnik","isPartOf":{"@id":"https:\/\/heeb-systemtechnik.de\/en\/#website"},"primaryImageOfPage":{"@id":"https:\/\/heeb-systemtechnik.de\/en\/ersatzteile-fuer-produktionsanlagen\/#primaryimage"},"image":{"@id":"https:\/\/heeb-systemtechnik.de\/en\/ersatzteile-fuer-produktionsanlagen\/#primaryimage"},"thumbnailUrl":"https:\/\/heeb-systemtechnik.de\/wp-content\/uploads\/2022\/09\/header-unterseiten1.jpg","datePublished":"2022-03-31T07:37:08+00:00","dateModified":"2023-04-17T09:25:20+00:00","description":"We offer new and pre-owned spare parts for a broad number of machines by different manufacturers.","breadcrumb":{"@id":"https:\/\/heeb-systemtechnik.de\/en\/ersatzteile-fuer-produktionsanlagen\/#breadcrumb"},"inLanguage":"en-US","potentialAction":[{"@type":"ReadAction","target":["https:\/\/heeb-systemtechnik.de\/en\/ersatzteile-fuer-produktionsanlagen\/"]}]},{"@type":"ImageObject","inLanguage":"en-US","@id":"https:\/\/heeb-systemtechnik.de\/en\/ersatzteile-fuer-produktionsanlagen\/#primaryimage","url":"https:\/\/heeb-systemtechnik.de\/wp-content\/uploads\/2022\/09\/header-unterseiten1.jpg","contentUrl":"https:\/\/heeb-systemtechnik.de\/wp-content\/uploads\/2022\/09\/header-unterseiten1.jpg"},{"@type":"BreadcrumbList","@id":"https:\/\/heeb-systemtechnik.de\/en\/ersatzteile-fuer-produktionsanlagen\/#breadcrumb","itemListElement":[{"@type":"ListItem","position":1,"name":"Startseite","item":"https:\/\/heeb-systemtechnik.de\/en\/"},{"@type":"ListItem","position":2,"name":"Spare parts for production systems"}]},{"@type":"WebSite","@id":"https:\/\/heeb-systemtechnik.de\/en\/#website","url":"https:\/\/heeb-systemtechnik.de\/en\/","name":"Heeb Systemtechnik","description":"Just another WordPress site","publisher":{"@id":"https:\/\/heeb-systemtechnik.de\/en\/#organization"},"potentialAction":[{"@type":"SearchAction","target":{"@type":"EntryPoint","urlTemplate":"https:\/\/heeb-systemtechnik.de\/en\/?s={search_term_string}"},"query-input":{"@type":"PropertyValueSpecification","valueRequired":true,"valueName":"search_term_string"}}],"inLanguage":"en-US"},{"@type":"Organization","@id":"https:\/\/heeb-systemtechnik.de\/en\/#organization","name":"Heeb Systemtechnik","url":"https:\/\/heeb-systemtechnik.de\/en\/","logo":{"@type":"ImageObject","inLanguage":"en-US","@id":"https:\/\/heeb-systemtechnik.de\/en\/#\/schema\/logo\/image\/","url":"https:\/\/heeb-systemtechnik.de\/wp-content\/uploads\/2023\/02\/cropped-heeb-systemtechnik-logo-2023-transparent.png","contentUrl":"https:\/\/heeb-systemtechnik.de\/wp-content\/uploads\/2023\/02\/cropped-heeb-systemtechnik-logo-2023-transparent.png","width":900,"height":182,"caption":"Heeb Systemtechnik"},"image":{"@id":"https:\/\/heeb-systemtechnik.de\/en\/#\/schema\/logo\/image\/"}}]}},"_links":{"self":[{"href":"https:\/\/heeb-systemtechnik.de\/en\/wp-json\/wp\/v2\/pages\/652","targetHints":{"allow":["GET"]}}],"collection":[{"href":"https:\/\/heeb-systemtechnik.de\/en\/wp-json\/wp\/v2\/pages"}],"about":[{"href":"https:\/\/heeb-systemtechnik.de\/en\/wp-json\/wp\/v2\/types\/page"}],"author":[{"embeddable":true,"href":"https:\/\/heeb-systemtechnik.de\/en\/wp-json\/wp\/v2\/users\/1"}],"replies":[{"embeddable":true,"href":"https:\/\/heeb-systemtechnik.de\/en\/wp-json\/wp\/v2\/comments?post=652"}],"version-history":[{"count":3,"href":"https:\/\/heeb-systemtechnik.de\/en\/wp-json\/wp\/v2\/pages\/652\/revisions"}],"predecessor-version":[{"id":4002,"href":"https:\/\/heeb-systemtechnik.de\/en\/wp-json\/wp\/v2\/pages\/652\/revisions\/4002"}],"wp:attachment":[{"href":"https:\/\/heeb-systemtechnik.de\/en\/wp-json\/wp\/v2\/media?parent=652"}],"curies":[{"name":"wp","href":"https:\/\/api.w.org\/{rel}","templated":true}]}}