{"id":621,"date":"2022-05-17T17:03:37","date_gmt":"2022-05-17T15:03:37","guid":{"rendered":"https:\/\/heeb.pixelnerdstest.de\/vacunest\/"},"modified":"2023-02-14T09:18:19","modified_gmt":"2023-02-14T08:18:19","slug":"vacunest","status":"publish","type":"page","link":"https:\/\/heeb-systemtechnik.de\/en\/vacunest\/","title":{"rendered":"VacuNest"},"content":{"rendered":"\n<h1>\n\t\tVacuNest<sup>\u00ae<\/sup>\n\t<\/h1>\n<h2>\n\t\tVacuNest<sup>\u00ae<\/sup>\n\t<\/h2>\n\t\t\t<a href=\"#\" id=\"fl-accordion--label-0\" tabindex=\"0\" aria-controls=\"fl-accordion--panel-0\">Das Prinzip<\/a>\n\t\t<p>Jegliche Form, ob mit regelm\u00e4\u00dfigen oder amorphen Konturen, wird durch das Vakuumieren gro\u00dffl\u00e4chig und daher absolut stressfrei unterst\u00fctzt. Durch die Gummioberfl\u00e4che gibt es kein Verrutschen und ihre Leiterplatte wird fest in Position gehalten.<\/p>\n<p>Ist einmal das Vakuumrelief erzeugt worden, kann dieses f\u00fcr alle folgenden produktspezifischen Druck- bzw. Best\u00fcckungsprozesse verwendet werden. St\u00e4ndiges und erneutes Einrichten der Leiterplattenunterst\u00fctzung ist nicht mehr notwendig.<\/p>\n\t\t\t<a href=\"#\" id=\"fl-accordion--label-1\" tabindex=\"0\" aria-controls=\"fl-accordion--panel-1\">Die Vorteile<\/a>\n\t\t<ul>\n<li>Kurze R\u00fcstzeit (ca. 1 min nach Einfahren der Leiterplatte)<\/li>\n<li>100 %-ige, absolut stressfreie Unterst\u00fctzung aller Formen<\/li>\n<li>Vermeidung von punktuellem Stress durch ganzfl\u00e4chige Auflage, dadurch Schonung von Bauteilen und Leiterplatte<\/li>\n<li>Schablonenunterst\u00fctzung = Erh\u00f6hung der Prozesssicherheit<\/li>\n<li>Verbesserung der Best\u00fcck- und Druckqualit\u00e4t<\/li>\n<li>Kostenersparnis durch geringere Nacharbeit und Reparaturkosten<\/li>\n<li>Kurzer Return Of Invest durch Wegfall von produktspezifischen Unterst\u00fctzungen<\/li>\n<\/ul>\n\t\t\t<a href=\"#\" id=\"fl-accordion--label-2\" tabindex=\"0\" aria-controls=\"fl-accordion--panel-2\">Technische Daten<\/a>\n\t\t<h3>3 verschiedene Modulvarianten<\/h3>\n<p><em>Modull\u00e4nge<\/em>: 100 mm bis 570 mm<\/p>\n<em>Standarth\u00f6he:<\/em> 25 mm und 39 mm<br \/>\nIndividuelle Anpassungen m\u00f6glich\n<p><em>Bauteilh\u00f6he:<\/em> 8 mm und 12 mm<\/p>\n<p><em>Kompatibilit\u00e4t:<\/em><\/p>\n<ul>\n<li>DEK<\/li>\n<li>EKRA<\/li>\n<li>MPM<\/li>\n<li>ERSA<\/li>\n<li>Essemtec, Speedprint<\/li>\n<li>Fuji<\/li>\n<li>Juki<\/li>\n<li>Assembleon<\/li>\n<li>Siemens<\/li>\n<li>Panasonic<\/li>\n<li>u. a.<\/li>\n<\/ul>\n<p>ESD-konform<\/p>\n<p><img loading=\"lazy\" decoding=\"async\" src=\"https:\/\/heeb-systemtechnik.de\/wp-content\/uploads\/2022\/05\/heeb-systemtechnik-eds-konform.jpg\" alt=\"\" width=\"150\" height=\"89\" \/><\/p>\n\t\t\t<a href=\"#\" id=\"fl-accordion--label-3\" tabindex=\"0\" aria-controls=\"fl-accordion--panel-3\">Das System<\/a>\n\t\t<p>VacuNest\u00ae hat sich als eine zuverl\u00e4ssige Methode erwiesen, sowohl einseitig als auch doppelseitig best\u00fcckte Leiterplatten w\u00e4hrend des Druckprozesses sicher und vollfl\u00e4chig zu unterst\u00fctzen.<\/p>\n<p>VacuNest\u00ae bietet Ihnen f\u00fcr jedes Anforderungsprofil eine L\u00f6sung, da Sie die unterschiedlichen Linearmodule sowohl einzeln als auch kombiniert einsetzen k\u00f6nnen.<\/p>\n<p>Nicht zuletzt zeichnet sich VacuNest\u00ae, als ausschlie\u00dflich pneumatisches System, durch den servicefreundlichen Aufbau sowie die einfache Handhabbarkeit und Installation aus.<\/p>\n<p>Ebenso ist das System auch zur Leiterplattenunterst\u00fctzung in Best\u00fcckungsautomaten geeignet.<\/p>\n\t\t\t\t<img loading=\"lazy\" decoding=\"async\" src=\"https:\/\/heeb-systemtechnik.de\/wp-content\/uploads\/2022\/06\/heeb-systemtechnik-vacunest-mood.jpg\" alt=\"heeb-systemtechnik-vacunest-mood\" itemprop=\"image\" height=\"800\" width=\"1200\" title=\"heeb-systemtechnik-vacunest-mood\" onerror=\"this.style.display='none'\"  \/>\n\t<h2>SMT Webstore<\/h2>\nF\u00fcr Verbrauchsmaterialien,<br \/>\nErsatzteile und Maschinen\n\t\t\t<a href=\"http:\/\/shop.heeb-systemtechnik.de\/\" target=\"_blank\" role=\"button\" rel=\"noopener\">\n\t\t\t\t\t\t\tZum Shop\n\t\t\t<\/a>\n\n","protected":false},"excerpt":{"rendered":"<p>VacuNest\u00ae VacuNest\u00ae Das Prinzip Jegliche Form, ob mit regelm\u00e4\u00dfigen oder amorphen Konturen, wird durch das Vakuumieren gro\u00dffl\u00e4chig und daher absolut stressfrei unterst\u00fctzt. Durch die Gummioberfl\u00e4che gibt es kein Verrutschen und ihre Leiterplatte wird fest in Position gehalten. Ist einmal das Vakuumrelief erzeugt worden, kann dieses f\u00fcr alle folgenden produktspezifischen Druck- bzw. Best\u00fcckungsprozesse verwendet werden. St\u00e4ndiges [&hellip;]<\/p>\n","protected":false},"author":1,"featured_media":0,"parent":0,"menu_order":0,"comment_status":"closed","ping_status":"closed","template":"","meta":{"site-sidebar-layout":"","site-content-layout":"","ast-site-content-layout":"default","site-content-style":"default","site-sidebar-style":"default","ast-global-header-display":"","ast-banner-title-visibility":"","ast-main-header-display":"","ast-hfb-above-header-display":"","ast-hfb-below-header-display":"","ast-hfb-mobile-header-display":"","site-post-title":"disabled","ast-breadcrumbs-content":"","ast-featured-img":"","footer-sml-layout":"","theme-transparent-header-meta":"","adv-header-id-meta":"","stick-header-meta":"","header-above-stick-meta":"","header-main-stick-meta":"","header-below-stick-meta":"","astra-migrate-meta-layouts":"default","ast-page-background-enabled":"default","ast-page-background-meta":{"desktop":{"background-color":"","background-image":"","background-repeat":"repeat","background-position":"center center","background-size":"auto","background-attachment":"scroll","background-type":"","background-media":"","overlay-type":"","overlay-color":"","overlay-opacity":"","overlay-gradient":""},"tablet":{"background-color":"","background-image":"","background-repeat":"repeat","background-position":"center center","background-size":"auto","background-attachment":"scroll","background-type":"","background-media":"","overlay-type":"","overlay-color":"","overlay-opacity":"","overlay-gradient":""},"mobile":{"background-color":"","background-image":"","background-repeat":"repeat","background-position":"center center","background-size":"auto","background-attachment":"scroll","background-type":"","background-media":"","overlay-type":"","overlay-color":"","overlay-opacity":"","overlay-gradient":""}},"ast-content-background-meta":{"desktop":{"background-color":"var(--ast-global-color-5)","background-image":"","background-repeat":"repeat","background-position":"center center","background-size":"auto","background-attachment":"scroll","background-type":"","background-media":"","overlay-type":"","overlay-color":"","overlay-opacity":"","overlay-gradient":""},"tablet":{"background-color":"var(--ast-global-color-5)","background-image":"","background-repeat":"repeat","background-position":"center center","background-size":"auto","background-attachment":"scroll","background-type":"","background-media":"","overlay-type":"","overlay-color":"","overlay-opacity":"","overlay-gradient":""},"mobile":{"background-color":"var(--ast-global-color-5)","background-image":"","background-repeat":"repeat","background-position":"center center","background-size":"auto","background-attachment":"scroll","background-type":"","background-media":"","overlay-type":"","overlay-color":"","overlay-opacity":"","overlay-gradient":""}},"footnotes":""},"class_list":["post-621","page","type-page","status-publish","hentry"],"yoast_head":"<!-- This site is optimized with the Yoast SEO plugin v26.2 - https:\/\/yoast.com\/wordpress\/plugins\/seo\/ -->\n<title>VacuNest - Heeb Systemtechnik<\/title>\n<meta name=\"description\" content=\"VacuNest\u00ae has proven to be a reliable method to support both single and double-sided PCBs during the printing process safe and full surface.\" \/>\n<meta name=\"robots\" content=\"index, follow, max-snippet:-1, max-image-preview:large, max-video-preview:-1\" \/>\n<link rel=\"canonical\" href=\"https:\/\/heeb-systemtechnik.de\/en\/vacunest\/\" \/>\n<meta property=\"og:locale\" content=\"en_US\" \/>\n<meta property=\"og:type\" content=\"article\" \/>\n<meta property=\"og:title\" content=\"VacuNest - Heeb Systemtechnik\" \/>\n<meta property=\"og:description\" content=\"VacuNest\u00ae has proven to be a reliable method to support both single and double-sided PCBs during the printing process safe and full surface.\" \/>\n<meta property=\"og:url\" content=\"https:\/\/heeb-systemtechnik.de\/en\/vacunest\/\" \/>\n<meta property=\"og:site_name\" content=\"Heeb Systemtechnik\" \/>\n<meta property=\"article:modified_time\" content=\"2023-02-14T08:18:19+00:00\" \/>\n<meta property=\"og:image\" content=\"https:\/\/heeb-systemtechnik.de\/wp-content\/uploads\/2022\/05\/heeb-systemtechnik-eds-konform.jpg\" \/>\n<meta name=\"twitter:card\" content=\"summary_large_image\" \/>\n<meta name=\"twitter:label1\" content=\"Est. reading time\" \/>\n\t<meta name=\"twitter:data1\" content=\"1 minute\" \/>\n<script type=\"application\/ld+json\" class=\"yoast-schema-graph\">{\"@context\":\"https:\/\/schema.org\",\"@graph\":[{\"@type\":\"WebPage\",\"@id\":\"https:\/\/heeb-systemtechnik.de\/en\/vacunest\/\",\"url\":\"https:\/\/heeb-systemtechnik.de\/en\/vacunest\/\",\"name\":\"VacuNest - Heeb Systemtechnik\",\"isPartOf\":{\"@id\":\"https:\/\/heeb-systemtechnik.de\/en\/#website\"},\"primaryImageOfPage\":{\"@id\":\"https:\/\/heeb-systemtechnik.de\/en\/vacunest\/#primaryimage\"},\"image\":{\"@id\":\"https:\/\/heeb-systemtechnik.de\/en\/vacunest\/#primaryimage\"},\"thumbnailUrl\":\"https:\/\/heeb-systemtechnik.de\/wp-content\/uploads\/2022\/05\/heeb-systemtechnik-eds-konform.jpg\",\"datePublished\":\"2022-05-17T15:03:37+00:00\",\"dateModified\":\"2023-02-14T08:18:19+00:00\",\"description\":\"VacuNest\u00ae has proven to be a reliable method to support both single and double-sided PCBs during the printing process safe and full surface.\",\"breadcrumb\":{\"@id\":\"https:\/\/heeb-systemtechnik.de\/en\/vacunest\/#breadcrumb\"},\"inLanguage\":\"en-US\",\"potentialAction\":[{\"@type\":\"ReadAction\",\"target\":[\"https:\/\/heeb-systemtechnik.de\/en\/vacunest\/\"]}]},{\"@type\":\"ImageObject\",\"inLanguage\":\"en-US\",\"@id\":\"https:\/\/heeb-systemtechnik.de\/en\/vacunest\/#primaryimage\",\"url\":\"https:\/\/heeb-systemtechnik.de\/wp-content\/uploads\/2022\/05\/heeb-systemtechnik-eds-konform.jpg\",\"contentUrl\":\"https:\/\/heeb-systemtechnik.de\/wp-content\/uploads\/2022\/05\/heeb-systemtechnik-eds-konform.jpg\"},{\"@type\":\"BreadcrumbList\",\"@id\":\"https:\/\/heeb-systemtechnik.de\/en\/vacunest\/#breadcrumb\",\"itemListElement\":[{\"@type\":\"ListItem\",\"position\":1,\"name\":\"Startseite\",\"item\":\"https:\/\/heeb-systemtechnik.de\/en\/\"},{\"@type\":\"ListItem\",\"position\":2,\"name\":\"VacuNest\"}]},{\"@type\":\"WebSite\",\"@id\":\"https:\/\/heeb-systemtechnik.de\/en\/#website\",\"url\":\"https:\/\/heeb-systemtechnik.de\/en\/\",\"name\":\"Heeb Systemtechnik\",\"description\":\"Just another WordPress site\",\"publisher\":{\"@id\":\"https:\/\/heeb-systemtechnik.de\/en\/#organization\"},\"potentialAction\":[{\"@type\":\"SearchAction\",\"target\":{\"@type\":\"EntryPoint\",\"urlTemplate\":\"https:\/\/heeb-systemtechnik.de\/en\/?s={search_term_string}\"},\"query-input\":{\"@type\":\"PropertyValueSpecification\",\"valueRequired\":true,\"valueName\":\"search_term_string\"}}],\"inLanguage\":\"en-US\"},{\"@type\":\"Organization\",\"@id\":\"https:\/\/heeb-systemtechnik.de\/en\/#organization\",\"name\":\"Heeb Systemtechnik\",\"url\":\"https:\/\/heeb-systemtechnik.de\/en\/\",\"logo\":{\"@type\":\"ImageObject\",\"inLanguage\":\"en-US\",\"@id\":\"https:\/\/heeb-systemtechnik.de\/en\/#\/schema\/logo\/image\/\",\"url\":\"https:\/\/heeb-systemtechnik.de\/wp-content\/uploads\/2023\/02\/cropped-heeb-systemtechnik-logo-2023-transparent.png\",\"contentUrl\":\"https:\/\/heeb-systemtechnik.de\/wp-content\/uploads\/2023\/02\/cropped-heeb-systemtechnik-logo-2023-transparent.png\",\"width\":900,\"height\":182,\"caption\":\"Heeb Systemtechnik\"},\"image\":{\"@id\":\"https:\/\/heeb-systemtechnik.de\/en\/#\/schema\/logo\/image\/\"}}]}<\/script>\n<!-- \/ Yoast SEO plugin. -->","yoast_head_json":{"title":"VacuNest - Heeb Systemtechnik","description":"VacuNest\u00ae has proven to be a reliable method to support both single and double-sided PCBs during the printing process safe and full surface.","robots":{"index":"index","follow":"follow","max-snippet":"max-snippet:-1","max-image-preview":"max-image-preview:large","max-video-preview":"max-video-preview:-1"},"canonical":"https:\/\/heeb-systemtechnik.de\/en\/vacunest\/","og_locale":"en_US","og_type":"article","og_title":"VacuNest - Heeb Systemtechnik","og_description":"VacuNest\u00ae has proven to be a reliable method to support both single and double-sided PCBs during the printing process safe and full surface.","og_url":"https:\/\/heeb-systemtechnik.de\/en\/vacunest\/","og_site_name":"Heeb Systemtechnik","article_modified_time":"2023-02-14T08:18:19+00:00","og_image":[{"url":"https:\/\/heeb-systemtechnik.de\/wp-content\/uploads\/2022\/05\/heeb-systemtechnik-eds-konform.jpg","type":"","width":"","height":""}],"twitter_card":"summary_large_image","twitter_misc":{"Est. reading time":"1 minute"},"schema":{"@context":"https:\/\/schema.org","@graph":[{"@type":"WebPage","@id":"https:\/\/heeb-systemtechnik.de\/en\/vacunest\/","url":"https:\/\/heeb-systemtechnik.de\/en\/vacunest\/","name":"VacuNest - Heeb Systemtechnik","isPartOf":{"@id":"https:\/\/heeb-systemtechnik.de\/en\/#website"},"primaryImageOfPage":{"@id":"https:\/\/heeb-systemtechnik.de\/en\/vacunest\/#primaryimage"},"image":{"@id":"https:\/\/heeb-systemtechnik.de\/en\/vacunest\/#primaryimage"},"thumbnailUrl":"https:\/\/heeb-systemtechnik.de\/wp-content\/uploads\/2022\/05\/heeb-systemtechnik-eds-konform.jpg","datePublished":"2022-05-17T15:03:37+00:00","dateModified":"2023-02-14T08:18:19+00:00","description":"VacuNest\u00ae has proven to be a reliable method to support both single and double-sided PCBs during the printing process safe and full surface.","breadcrumb":{"@id":"https:\/\/heeb-systemtechnik.de\/en\/vacunest\/#breadcrumb"},"inLanguage":"en-US","potentialAction":[{"@type":"ReadAction","target":["https:\/\/heeb-systemtechnik.de\/en\/vacunest\/"]}]},{"@type":"ImageObject","inLanguage":"en-US","@id":"https:\/\/heeb-systemtechnik.de\/en\/vacunest\/#primaryimage","url":"https:\/\/heeb-systemtechnik.de\/wp-content\/uploads\/2022\/05\/heeb-systemtechnik-eds-konform.jpg","contentUrl":"https:\/\/heeb-systemtechnik.de\/wp-content\/uploads\/2022\/05\/heeb-systemtechnik-eds-konform.jpg"},{"@type":"BreadcrumbList","@id":"https:\/\/heeb-systemtechnik.de\/en\/vacunest\/#breadcrumb","itemListElement":[{"@type":"ListItem","position":1,"name":"Startseite","item":"https:\/\/heeb-systemtechnik.de\/en\/"},{"@type":"ListItem","position":2,"name":"VacuNest"}]},{"@type":"WebSite","@id":"https:\/\/heeb-systemtechnik.de\/en\/#website","url":"https:\/\/heeb-systemtechnik.de\/en\/","name":"Heeb Systemtechnik","description":"Just another WordPress site","publisher":{"@id":"https:\/\/heeb-systemtechnik.de\/en\/#organization"},"potentialAction":[{"@type":"SearchAction","target":{"@type":"EntryPoint","urlTemplate":"https:\/\/heeb-systemtechnik.de\/en\/?s={search_term_string}"},"query-input":{"@type":"PropertyValueSpecification","valueRequired":true,"valueName":"search_term_string"}}],"inLanguage":"en-US"},{"@type":"Organization","@id":"https:\/\/heeb-systemtechnik.de\/en\/#organization","name":"Heeb Systemtechnik","url":"https:\/\/heeb-systemtechnik.de\/en\/","logo":{"@type":"ImageObject","inLanguage":"en-US","@id":"https:\/\/heeb-systemtechnik.de\/en\/#\/schema\/logo\/image\/","url":"https:\/\/heeb-systemtechnik.de\/wp-content\/uploads\/2023\/02\/cropped-heeb-systemtechnik-logo-2023-transparent.png","contentUrl":"https:\/\/heeb-systemtechnik.de\/wp-content\/uploads\/2023\/02\/cropped-heeb-systemtechnik-logo-2023-transparent.png","width":900,"height":182,"caption":"Heeb Systemtechnik"},"image":{"@id":"https:\/\/heeb-systemtechnik.de\/en\/#\/schema\/logo\/image\/"}}]}},"_links":{"self":[{"href":"https:\/\/heeb-systemtechnik.de\/en\/wp-json\/wp\/v2\/pages\/621","targetHints":{"allow":["GET"]}}],"collection":[{"href":"https:\/\/heeb-systemtechnik.de\/en\/wp-json\/wp\/v2\/pages"}],"about":[{"href":"https:\/\/heeb-systemtechnik.de\/en\/wp-json\/wp\/v2\/types\/page"}],"author":[{"embeddable":true,"href":"https:\/\/heeb-systemtechnik.de\/en\/wp-json\/wp\/v2\/users\/1"}],"replies":[{"embeddable":true,"href":"https:\/\/heeb-systemtechnik.de\/en\/wp-json\/wp\/v2\/comments?post=621"}],"version-history":[{"count":3,"href":"https:\/\/heeb-systemtechnik.de\/en\/wp-json\/wp\/v2\/pages\/621\/revisions"}],"predecessor-version":[{"id":3007,"href":"https:\/\/heeb-systemtechnik.de\/en\/wp-json\/wp\/v2\/pages\/621\/revisions\/3007"}],"wp:attachment":[{"href":"https:\/\/heeb-systemtechnik.de\/en\/wp-json\/wp\/v2\/media?parent=621"}],"curies":[{"name":"wp","href":"https:\/\/api.w.org\/{rel}","templated":true}]}}