{"id":602,"date":"2022-05-17T17:05:15","date_gmt":"2022-05-17T15:05:15","guid":{"rendered":"https:\/\/heeb.pixelnerdstest.de\/gensonic\/"},"modified":"2023-02-14T09:14:48","modified_gmt":"2023-02-14T08:14:48","slug":"gensonic","status":"publish","type":"page","link":"https:\/\/heeb-systemtechnik.de\/en\/gensonic\/","title":{"rendered":"Gensonic"},"content":{"rendered":"\n<h1>\n\t\tGensonic\n\t<\/h1>\n<h2>\n\t\tGensonic\n\t<\/h2>\n\t\t\t<a href=\"#\" id=\"fl-accordion--label-0\" tabindex=\"0\" aria-controls=\"fl-accordion--panel-0\">Das Prinzip<\/a>\n\t\t<p>Ultraschallreinigungssysteme nutzen den Kavitationseffekt und bewirken eine effiziente Reinigung der behandelten Oberfl\u00e4che. Ultraschallwellen bewirken, dass sich in der Reinigungsfl\u00fcssigkeit durch alternierende Sto\u00dfwellen kleine Blasen generieren. Die Blasen wachsen unter der Einwirkung dieser Wellen und implodieren bei Erreichen einer bestimmten Gr\u00f6\u00dfe.<\/p>\n<p>Durch die Implosion wird eine betr\u00e4chtliche Energie freigesetzt. Ein Teil dieser Energie wird in W\u00e4rme umgesetzt. Die durch die sogenannten \u201eJets&#8221; freigesetzte Energie bewirkt, dass sich s\u00e4mtliche Verunreinigungen von der Oberfl\u00e4che l\u00f6sen.<\/p>\n\t\t\t<a href=\"#\" id=\"fl-accordion--label-1\" tabindex=\"0\" aria-controls=\"fl-accordion--panel-1\">Die Vorteile<\/a>\n\t\t<ul>\n<li>Verbessert die Druckqualit\u00e4t auf Leiterplatten<\/li>\n<li>Verringert den Reinigungsaufwand an Ihrem Drucker<\/li>\n<li>Reduziert den Verbrauch von Reinigungsmitteln<\/li>\n<li>Optimiert den druckbedingten Fehleranteil in der Elektronikfertigung<\/li>\n<li>Reinigung von feinsten Strukturen ohne Risiko einer Besch\u00e4digung oder Deformation der Schablone<\/li>\n<li>Kurze Reinigungszeit: ca. 3 Minuten<\/li>\n<li>Kein Ausbau der Schablone<br \/>\nnotwendig = minimierter<br \/>\nProduktionsstillstand<\/li>\n<\/ul>\n\t\t\t<a href=\"#\" id=\"fl-accordion--label-2\" tabindex=\"0\" aria-controls=\"fl-accordion--panel-2\">Technische Daten<\/a>\n\t\t<p><em>Abmessungen:<\/em> (LxBxH): 300x210x90 mm<\/p>\n<p><em>Gewicht:<\/em> 3,7 kg<\/p>\n<p><em>Netzspannung:<\/em> 220-240Volt AC 50Hz ,1A oder 110 Volt AC 60Hz, &lt;2A<\/p>\n<p><em>Einsetzbar f\u00fcr:<\/em><\/p>\n<ul>\n<li>Stahlschablonen<\/li>\n<li>Kunststoffschablonen<\/li>\n<li>folierte Schablonen<\/li>\n<li>gerahmte Schablonen<\/li>\n<\/ul>\n\t\t\t<a href=\"#\" id=\"fl-accordion--label-3\" tabindex=\"0\" aria-controls=\"fl-accordion--panel-3\">Das System<\/a>\n\t\t<p>Das <strong>GENSONIC<\/strong> ist ein manuell zu bedienender Ultraschallwandler, um Schablonen, die zum Drucken von Lotpasten und SMT-Klebern verwendet werden, zu reinigen. Es kann direkt am Drucker eingesetzt werden.<\/p>\n<p>L\u00f6tpasten neigen dazu sich in den Ecken der Schablonenaperturen festzusetzen. UltraschallDirektkontakt-Reinigung ist der ultimative Weg, SMT Schablonen mit einem minimalen Einsatz von Chemikalien, zu reinigen.<\/p>\n<p>Das <strong>GENSONIC<\/strong> arbeitet mit einem 40 kHz Ultraschallgenerator. Der Einkopfwandler reinigt mit gro\u00dfer Effektivit\u00e4t. Diese Reinigungsmethode ben\u00f6tigt nur eine minimale Menge von Reinigungsmittel, wodurch die Umwelt geschont und Kosten gespart werden.<\/p>\n\t\t\t\t<img loading=\"lazy\" decoding=\"async\" src=\"https:\/\/heeb-systemtechnik.de\/wp-content\/uploads\/2022\/05\/heeb-gensonic-schablonenreinigungssystem-scaled.jpg\" alt=\"heeb-gensonic-schablonenreinigungssystem\" itemprop=\"image\" height=\"1920\" width=\"2560\" title=\"heeb-gensonic-schablonenreinigungssystem\" onerror=\"this.style.display='none'\"  \/>\n\t<h2>SMT Webstore<\/h2>\nF\u00fcr Verbrauchsmaterialien,<br \/>\nErsatzteile und Maschinen\n\t\t\t<a href=\"http:\/\/shop.heeb-systemtechnik.de\/\" target=\"_blank\" role=\"button\" rel=\"noopener\">\n\t\t\t\t\t\t\tZum Shop\n\t\t\t<\/a>\n\n","protected":false},"excerpt":{"rendered":"<p>Gensonic Gensonic Das Prinzip Ultraschallreinigungssysteme nutzen den Kavitationseffekt und bewirken eine effiziente Reinigung der behandelten Oberfl\u00e4che. Ultraschallwellen bewirken, dass sich in der Reinigungsfl\u00fcssigkeit durch alternierende Sto\u00dfwellen kleine Blasen generieren. Die Blasen wachsen unter der Einwirkung dieser Wellen und implodieren bei Erreichen einer bestimmten Gr\u00f6\u00dfe. Durch die Implosion wird eine betr\u00e4chtliche Energie freigesetzt. Ein Teil dieser [&hellip;]<\/p>\n","protected":false},"author":1,"featured_media":0,"parent":0,"menu_order":0,"comment_status":"closed","ping_status":"closed","template":"","meta":{"site-sidebar-layout":"","site-content-layout":"","ast-site-content-layout":"default","site-content-style":"default","site-sidebar-style":"default","ast-global-header-display":"","ast-banner-title-visibility":"","ast-main-header-display":"","ast-hfb-above-header-display":"","ast-hfb-below-header-display":"","ast-hfb-mobile-header-display":"","site-post-title":"disabled","ast-breadcrumbs-content":"","ast-featured-img":"","footer-sml-layout":"","theme-transparent-header-meta":"","adv-header-id-meta":"","stick-header-meta":"","header-above-stick-meta":"","header-main-stick-meta":"","header-below-stick-meta":"","astra-migrate-meta-layouts":"default","ast-page-background-enabled":"default","ast-page-background-meta":{"desktop":{"background-color":"","background-image":"","background-repeat":"repeat","background-position":"center center","background-size":"auto","background-attachment":"scroll","background-type":"","background-media":"","overlay-type":"","overlay-color":"","overlay-opacity":"","overlay-gradient":""},"tablet":{"background-color":"","background-image":"","background-repeat":"repeat","background-position":"center center","background-size":"auto","background-attachment":"scroll","background-type":"","background-media":"","overlay-type":"","overlay-color":"","overlay-opacity":"","overlay-gradient":""},"mobile":{"background-color":"","background-image":"","background-repeat":"repeat","background-position":"center center","background-size":"auto","background-attachment":"scroll","background-type":"","background-media":"","overlay-type":"","overlay-color":"","overlay-opacity":"","overlay-gradient":""}},"ast-content-background-meta":{"desktop":{"background-color":"var(--ast-global-color-5)","background-image":"","background-repeat":"repeat","background-position":"center center","background-size":"auto","background-attachment":"scroll","background-type":"","background-media":"","overlay-type":"","overlay-color":"","overlay-opacity":"","overlay-gradient":""},"tablet":{"background-color":"var(--ast-global-color-5)","background-image":"","background-repeat":"repeat","background-position":"center center","background-size":"auto","background-attachment":"scroll","background-type":"","background-media":"","overlay-type":"","overlay-color":"","overlay-opacity":"","overlay-gradient":""},"mobile":{"background-color":"var(--ast-global-color-5)","background-image":"","background-repeat":"repeat","background-position":"center center","background-size":"auto","background-attachment":"scroll","background-type":"","background-media":"","overlay-type":"","overlay-color":"","overlay-opacity":"","overlay-gradient":""}},"footnotes":""},"class_list":["post-602","page","type-page","status-publish","hentry"],"yoast_head":"<!-- This site is optimized with the Yoast SEO plugin v26.2 - https:\/\/yoast.com\/wordpress\/plugins\/seo\/ -->\n<title>Gensonic - Heeb Systemtechnik<\/title>\n<meta name=\"description\" content=\"The GENSONIC is an ultrasonic transducer for cleaning stencils used to print solder pastes and SMT-ahesives.\" \/>\n<meta name=\"robots\" content=\"index, follow, max-snippet:-1, max-image-preview:large, max-video-preview:-1\" \/>\n<link rel=\"canonical\" href=\"https:\/\/heeb-systemtechnik.de\/en\/gensonic\/\" \/>\n<meta property=\"og:locale\" content=\"en_US\" \/>\n<meta property=\"og:type\" content=\"article\" \/>\n<meta property=\"og:title\" content=\"Gensonic - Heeb Systemtechnik\" \/>\n<meta property=\"og:description\" content=\"The GENSONIC is an ultrasonic transducer for cleaning stencils used to print solder pastes and SMT-ahesives.\" \/>\n<meta property=\"og:url\" content=\"https:\/\/heeb-systemtechnik.de\/en\/gensonic\/\" \/>\n<meta property=\"og:site_name\" content=\"Heeb Systemtechnik\" \/>\n<meta property=\"article:modified_time\" content=\"2023-02-14T08:14:48+00:00\" \/>\n<meta property=\"og:image\" content=\"https:\/\/heeb-systemtechnik.de\/wp-content\/uploads\/2022\/05\/heeb-gensonic-schablonenreinigungssystem-scaled.jpg\" \/>\n<meta name=\"twitter:card\" content=\"summary_large_image\" \/>\n<meta name=\"twitter:label1\" content=\"Est. reading time\" \/>\n\t<meta name=\"twitter:data1\" content=\"1 minute\" \/>\n<script type=\"application\/ld+json\" class=\"yoast-schema-graph\">{\"@context\":\"https:\/\/schema.org\",\"@graph\":[{\"@type\":\"WebPage\",\"@id\":\"https:\/\/heeb-systemtechnik.de\/en\/gensonic\/\",\"url\":\"https:\/\/heeb-systemtechnik.de\/en\/gensonic\/\",\"name\":\"Gensonic - Heeb Systemtechnik\",\"isPartOf\":{\"@id\":\"https:\/\/heeb-systemtechnik.de\/en\/#website\"},\"primaryImageOfPage\":{\"@id\":\"https:\/\/heeb-systemtechnik.de\/en\/gensonic\/#primaryimage\"},\"image\":{\"@id\":\"https:\/\/heeb-systemtechnik.de\/en\/gensonic\/#primaryimage\"},\"thumbnailUrl\":\"https:\/\/heeb-systemtechnik.de\/wp-content\/uploads\/2022\/05\/heeb-gensonic-schablonenreinigungssystem-scaled.jpg\",\"datePublished\":\"2022-05-17T15:05:15+00:00\",\"dateModified\":\"2023-02-14T08:14:48+00:00\",\"description\":\"The GENSONIC is an ultrasonic transducer for cleaning stencils used to print solder pastes and SMT-ahesives.\",\"breadcrumb\":{\"@id\":\"https:\/\/heeb-systemtechnik.de\/en\/gensonic\/#breadcrumb\"},\"inLanguage\":\"en-US\",\"potentialAction\":[{\"@type\":\"ReadAction\",\"target\":[\"https:\/\/heeb-systemtechnik.de\/en\/gensonic\/\"]}]},{\"@type\":\"ImageObject\",\"inLanguage\":\"en-US\",\"@id\":\"https:\/\/heeb-systemtechnik.de\/en\/gensonic\/#primaryimage\",\"url\":\"https:\/\/heeb-systemtechnik.de\/wp-content\/uploads\/2022\/05\/heeb-gensonic-schablonenreinigungssystem-scaled.jpg\",\"contentUrl\":\"https:\/\/heeb-systemtechnik.de\/wp-content\/uploads\/2022\/05\/heeb-gensonic-schablonenreinigungssystem-scaled.jpg\"},{\"@type\":\"BreadcrumbList\",\"@id\":\"https:\/\/heeb-systemtechnik.de\/en\/gensonic\/#breadcrumb\",\"itemListElement\":[{\"@type\":\"ListItem\",\"position\":1,\"name\":\"Startseite\",\"item\":\"https:\/\/heeb-systemtechnik.de\/en\/\"},{\"@type\":\"ListItem\",\"position\":2,\"name\":\"Gensonic\"}]},{\"@type\":\"WebSite\",\"@id\":\"https:\/\/heeb-systemtechnik.de\/en\/#website\",\"url\":\"https:\/\/heeb-systemtechnik.de\/en\/\",\"name\":\"Heeb Systemtechnik\",\"description\":\"Just another WordPress site\",\"publisher\":{\"@id\":\"https:\/\/heeb-systemtechnik.de\/en\/#organization\"},\"potentialAction\":[{\"@type\":\"SearchAction\",\"target\":{\"@type\":\"EntryPoint\",\"urlTemplate\":\"https:\/\/heeb-systemtechnik.de\/en\/?s={search_term_string}\"},\"query-input\":{\"@type\":\"PropertyValueSpecification\",\"valueRequired\":true,\"valueName\":\"search_term_string\"}}],\"inLanguage\":\"en-US\"},{\"@type\":\"Organization\",\"@id\":\"https:\/\/heeb-systemtechnik.de\/en\/#organization\",\"name\":\"Heeb Systemtechnik\",\"url\":\"https:\/\/heeb-systemtechnik.de\/en\/\",\"logo\":{\"@type\":\"ImageObject\",\"inLanguage\":\"en-US\",\"@id\":\"https:\/\/heeb-systemtechnik.de\/en\/#\/schema\/logo\/image\/\",\"url\":\"https:\/\/heeb-systemtechnik.de\/wp-content\/uploads\/2023\/02\/cropped-heeb-systemtechnik-logo-2023-transparent.png\",\"contentUrl\":\"https:\/\/heeb-systemtechnik.de\/wp-content\/uploads\/2023\/02\/cropped-heeb-systemtechnik-logo-2023-transparent.png\",\"width\":900,\"height\":182,\"caption\":\"Heeb Systemtechnik\"},\"image\":{\"@id\":\"https:\/\/heeb-systemtechnik.de\/en\/#\/schema\/logo\/image\/\"}}]}<\/script>\n<!-- \/ Yoast SEO plugin. -->","yoast_head_json":{"title":"Gensonic - Heeb Systemtechnik","description":"The GENSONIC is an ultrasonic transducer for cleaning stencils used to print solder pastes and SMT-ahesives.","robots":{"index":"index","follow":"follow","max-snippet":"max-snippet:-1","max-image-preview":"max-image-preview:large","max-video-preview":"max-video-preview:-1"},"canonical":"https:\/\/heeb-systemtechnik.de\/en\/gensonic\/","og_locale":"en_US","og_type":"article","og_title":"Gensonic - Heeb Systemtechnik","og_description":"The GENSONIC is an ultrasonic transducer for cleaning stencils used to print solder pastes and SMT-ahesives.","og_url":"https:\/\/heeb-systemtechnik.de\/en\/gensonic\/","og_site_name":"Heeb Systemtechnik","article_modified_time":"2023-02-14T08:14:48+00:00","og_image":[{"url":"https:\/\/heeb-systemtechnik.de\/wp-content\/uploads\/2022\/05\/heeb-gensonic-schablonenreinigungssystem-scaled.jpg","type":"","width":"","height":""}],"twitter_card":"summary_large_image","twitter_misc":{"Est. reading time":"1 minute"},"schema":{"@context":"https:\/\/schema.org","@graph":[{"@type":"WebPage","@id":"https:\/\/heeb-systemtechnik.de\/en\/gensonic\/","url":"https:\/\/heeb-systemtechnik.de\/en\/gensonic\/","name":"Gensonic - Heeb Systemtechnik","isPartOf":{"@id":"https:\/\/heeb-systemtechnik.de\/en\/#website"},"primaryImageOfPage":{"@id":"https:\/\/heeb-systemtechnik.de\/en\/gensonic\/#primaryimage"},"image":{"@id":"https:\/\/heeb-systemtechnik.de\/en\/gensonic\/#primaryimage"},"thumbnailUrl":"https:\/\/heeb-systemtechnik.de\/wp-content\/uploads\/2022\/05\/heeb-gensonic-schablonenreinigungssystem-scaled.jpg","datePublished":"2022-05-17T15:05:15+00:00","dateModified":"2023-02-14T08:14:48+00:00","description":"The GENSONIC is an ultrasonic transducer for cleaning stencils used to print solder pastes and SMT-ahesives.","breadcrumb":{"@id":"https:\/\/heeb-systemtechnik.de\/en\/gensonic\/#breadcrumb"},"inLanguage":"en-US","potentialAction":[{"@type":"ReadAction","target":["https:\/\/heeb-systemtechnik.de\/en\/gensonic\/"]}]},{"@type":"ImageObject","inLanguage":"en-US","@id":"https:\/\/heeb-systemtechnik.de\/en\/gensonic\/#primaryimage","url":"https:\/\/heeb-systemtechnik.de\/wp-content\/uploads\/2022\/05\/heeb-gensonic-schablonenreinigungssystem-scaled.jpg","contentUrl":"https:\/\/heeb-systemtechnik.de\/wp-content\/uploads\/2022\/05\/heeb-gensonic-schablonenreinigungssystem-scaled.jpg"},{"@type":"BreadcrumbList","@id":"https:\/\/heeb-systemtechnik.de\/en\/gensonic\/#breadcrumb","itemListElement":[{"@type":"ListItem","position":1,"name":"Startseite","item":"https:\/\/heeb-systemtechnik.de\/en\/"},{"@type":"ListItem","position":2,"name":"Gensonic"}]},{"@type":"WebSite","@id":"https:\/\/heeb-systemtechnik.de\/en\/#website","url":"https:\/\/heeb-systemtechnik.de\/en\/","name":"Heeb Systemtechnik","description":"Just another WordPress site","publisher":{"@id":"https:\/\/heeb-systemtechnik.de\/en\/#organization"},"potentialAction":[{"@type":"SearchAction","target":{"@type":"EntryPoint","urlTemplate":"https:\/\/heeb-systemtechnik.de\/en\/?s={search_term_string}"},"query-input":{"@type":"PropertyValueSpecification","valueRequired":true,"valueName":"search_term_string"}}],"inLanguage":"en-US"},{"@type":"Organization","@id":"https:\/\/heeb-systemtechnik.de\/en\/#organization","name":"Heeb Systemtechnik","url":"https:\/\/heeb-systemtechnik.de\/en\/","logo":{"@type":"ImageObject","inLanguage":"en-US","@id":"https:\/\/heeb-systemtechnik.de\/en\/#\/schema\/logo\/image\/","url":"https:\/\/heeb-systemtechnik.de\/wp-content\/uploads\/2023\/02\/cropped-heeb-systemtechnik-logo-2023-transparent.png","contentUrl":"https:\/\/heeb-systemtechnik.de\/wp-content\/uploads\/2023\/02\/cropped-heeb-systemtechnik-logo-2023-transparent.png","width":900,"height":182,"caption":"Heeb Systemtechnik"},"image":{"@id":"https:\/\/heeb-systemtechnik.de\/en\/#\/schema\/logo\/image\/"}}]}},"_links":{"self":[{"href":"https:\/\/heeb-systemtechnik.de\/en\/wp-json\/wp\/v2\/pages\/602","targetHints":{"allow":["GET"]}}],"collection":[{"href":"https:\/\/heeb-systemtechnik.de\/en\/wp-json\/wp\/v2\/pages"}],"about":[{"href":"https:\/\/heeb-systemtechnik.de\/en\/wp-json\/wp\/v2\/types\/page"}],"author":[{"embeddable":true,"href":"https:\/\/heeb-systemtechnik.de\/en\/wp-json\/wp\/v2\/users\/1"}],"replies":[{"embeddable":true,"href":"https:\/\/heeb-systemtechnik.de\/en\/wp-json\/wp\/v2\/comments?post=602"}],"version-history":[{"count":2,"href":"https:\/\/heeb-systemtechnik.de\/en\/wp-json\/wp\/v2\/pages\/602\/revisions"}],"predecessor-version":[{"id":897,"href":"https:\/\/heeb-systemtechnik.de\/en\/wp-json\/wp\/v2\/pages\/602\/revisions\/897"}],"wp:attachment":[{"href":"https:\/\/heeb-systemtechnik.de\/en\/wp-json\/wp\/v2\/media?parent=602"}],"curies":[{"name":"wp","href":"https:\/\/api.w.org\/{rel}","templated":true}]}}