{"id":10460,"date":"2025-02-06T16:51:23","date_gmt":"2025-02-06T15:51:23","guid":{"rendered":"https:\/\/heeb-systemtechnik.de\/?page_id=10460"},"modified":"2025-02-07T09:16:30","modified_gmt":"2025-02-07T08:16:30","slug":"maintenance-and-repair-siplace","status":"publish","type":"page","link":"https:\/\/heeb-systemtechnik.de\/en\/maintenance-and-repair-siplace\/","title":{"rendered":"Maintenance and repair SIPLACE"},"content":{"rendered":"\n\n\t\t\t\t<img loading=\"lazy\" decoding=\"async\" src=\"https:\/\/heeb-systemtechnik.de\/wp-content\/uploads\/2022\/09\/header-unterseiten1.jpg\" alt=\"header-unterseiten1\" itemprop=\"image\" height=\"547\" width=\"2560\" title=\"header-unterseiten1\" onerror=\"this.style.display='none'\"  \/>\n<h1>\n\t\tWartung und Instandsetzung SIPLACE\n\t<\/h1>\n\t<p>Alles aus einer Hand: Wir bieten nun auch den kompletten Service f\u00fcr alle Siplace Best\u00fcckungsautomaten der \u00e4lteren Generation. Unsere professionellen Service-Techniker bieten support f\u00fcr alle Best\u00fccker der S-Serie, wie Siplace F4\/F5, Siplace S20, Siplace S25\/S27 bis hin zu Siplace HS50\/60 und vielen weiteren Maschinentypen der Marke Siplace.<\/p>\n<p>Neben Jahreswartungen nach Herstellervorgaben von ASM, geh\u00f6rt auch die Instandsetzung und Instandhaltung Ihrer Siplace Best\u00fccker zu unserem Serviceangebot. Selbst f\u00fcr die alte Siplace Generation haben wir noch einen gro\u00dfen Bestand an Ersatzteilen direkt ab Lager verf\u00fcgbar. Die Best\u00fcckerwartungen und Reparaturen Ihres Siemens Siplace Best\u00fcckers erfolgen ganz unkompliziert nach Terminvereinbarung bei Ihnen im Haus.<\/p>\n<p>Kontaktieren Sie uns f\u00fcr weitere Informationen oder fordern Sie direkt ein Angebot an, nennen Sie uns daf\u00fcr lediglich die Maschinentypen Ihrer Siemens Siplace Best\u00fcckungsautomaten.<\/p>\n\t<strong>Sie haben (An-)Fragen? &#8211;<\/strong><br \/>\nMelden Sie sich gerne bei uns\n\t\t\t<a href=\"\/kontakt\/\" target=\"_self\">\n\t\t\t\t\t\t\tKontakt\n\t\t\t<\/a>\n\n","protected":false},"excerpt":{"rendered":"<p>Wartung und Instandsetzung SIPLACE Alles aus einer Hand: Wir bieten nun auch den kompletten Service f\u00fcr alle Siplace Best\u00fcckungsautomaten der \u00e4lteren Generation. Unsere professionellen Service-Techniker bieten support f\u00fcr alle Best\u00fccker der S-Serie, wie Siplace F4\/F5, Siplace S20, Siplace S25\/S27 bis hin zu Siplace HS50\/60 und vielen weiteren Maschinentypen der Marke Siplace. Neben Jahreswartungen nach Herstellervorgaben [&hellip;]<\/p>\n","protected":false},"author":1,"featured_media":0,"parent":0,"menu_order":0,"comment_status":"closed","ping_status":"closed","template":"","meta":{"site-sidebar-layout":"","site-content-layout":"","ast-site-content-layout":"default","site-content-style":"default","site-sidebar-style":"default","ast-global-header-display":"","ast-banner-title-visibility":"","ast-main-header-display":"","ast-hfb-above-header-display":"","ast-hfb-below-header-display":"","ast-hfb-mobile-header-display":"","site-post-title":"disabled","ast-breadcrumbs-content":"","ast-featured-img":"","footer-sml-layout":"","theme-transparent-header-meta":"","adv-header-id-meta":"","stick-header-meta":"","header-above-stick-meta":"","header-main-stick-meta":"","header-below-stick-meta":"","astra-migrate-meta-layouts":"default","ast-page-background-enabled":"default","ast-page-background-meta":{"desktop":{"background-color":"","background-image":"","background-repeat":"repeat","background-position":"center center","background-size":"auto","background-attachment":"scroll","background-type":"","background-media":"","overlay-type":"","overlay-color":"","overlay-opacity":"","overlay-gradient":""},"tablet":{"background-color":"","background-image":"","background-repeat":"repeat","background-position":"center center","background-size":"auto","background-attachment":"scroll","background-type":"","background-media":"","overlay-type":"","overlay-color":"","overlay-opacity":"","overlay-gradient":""},"mobile":{"background-color":"","background-image":"","background-repeat":"repeat","background-position":"center center","background-size":"auto","background-attachment":"scroll","background-type":"","background-media":"","overlay-type":"","overlay-color":"","overlay-opacity":"","overlay-gradient":""}},"ast-content-background-meta":{"desktop":{"background-color":"var(--ast-global-color-5)","background-image":"","background-repeat":"repeat","background-position":"center center","background-size":"auto","background-attachment":"scroll","background-type":"","background-media":"","overlay-type":"","overlay-color":"","overlay-opacity":"","overlay-gradient":""},"tablet":{"background-color":"var(--ast-global-color-5)","background-image":"","background-repeat":"repeat","background-position":"center center","background-size":"auto","background-attachment":"scroll","background-type":"","background-media":"","overlay-type":"","overlay-color":"","overlay-opacity":"","overlay-gradient":""},"mobile":{"background-color":"var(--ast-global-color-5)","background-image":"","background-repeat":"repeat","background-position":"center center","background-size":"auto","background-attachment":"scroll","background-type":"","background-media":"","overlay-type":"","overlay-color":"","overlay-opacity":"","overlay-gradient":""}},"footnotes":""},"class_list":["post-10460","page","type-page","status-publish","hentry"],"yoast_head":"<!-- This site is optimized with the Yoast SEO plugin v26.2 - https:\/\/yoast.com\/wordpress\/plugins\/seo\/ -->\n<title>Maintenance and repair SIPLACE - Heeb Systemtechnik<\/title>\n<meta name=\"description\" content=\"Everything from a single source: We now also offer complete service for all older generation Siplace placement machines.\" \/>\n<meta name=\"robots\" content=\"index, follow, max-snippet:-1, max-image-preview:large, max-video-preview:-1\" \/>\n<link rel=\"canonical\" href=\"https:\/\/heeb-systemtechnik.de\/en\/maintenance-and-repair-siplace\/\" \/>\n<meta property=\"og:locale\" content=\"en_US\" \/>\n<meta property=\"og:type\" content=\"article\" \/>\n<meta property=\"og:title\" content=\"Maintenance and repair SIPLACE - Heeb Systemtechnik\" \/>\n<meta property=\"og:description\" content=\"Everything from a single source: We now also offer complete service for all older generation Siplace placement machines.\" \/>\n<meta property=\"og:url\" content=\"https:\/\/heeb-systemtechnik.de\/en\/maintenance-and-repair-siplace\/\" \/>\n<meta property=\"og:site_name\" content=\"Heeb Systemtechnik\" \/>\n<meta property=\"article:modified_time\" content=\"2025-02-07T08:16:30+00:00\" \/>\n<meta property=\"og:image\" content=\"https:\/\/heeb-systemtechnik.de\/wp-content\/uploads\/2022\/09\/header-unterseiten1.jpg\" \/>\n<meta name=\"twitter:card\" content=\"summary_large_image\" \/>\n<meta name=\"twitter:label1\" content=\"Est. reading time\" \/>\n\t<meta name=\"twitter:data1\" content=\"1 minute\" \/>\n<script type=\"application\/ld+json\" class=\"yoast-schema-graph\">{\"@context\":\"https:\/\/schema.org\",\"@graph\":[{\"@type\":\"WebPage\",\"@id\":\"https:\/\/heeb-systemtechnik.de\/en\/maintenance-and-repair-siplace\/\",\"url\":\"https:\/\/heeb-systemtechnik.de\/en\/maintenance-and-repair-siplace\/\",\"name\":\"Maintenance and repair SIPLACE - Heeb Systemtechnik\",\"isPartOf\":{\"@id\":\"https:\/\/heeb-systemtechnik.de\/en\/#website\"},\"primaryImageOfPage\":{\"@id\":\"https:\/\/heeb-systemtechnik.de\/en\/maintenance-and-repair-siplace\/#primaryimage\"},\"image\":{\"@id\":\"https:\/\/heeb-systemtechnik.de\/en\/maintenance-and-repair-siplace\/#primaryimage\"},\"thumbnailUrl\":\"https:\/\/heeb-systemtechnik.de\/wp-content\/uploads\/2022\/09\/header-unterseiten1.jpg\",\"datePublished\":\"2025-02-06T15:51:23+00:00\",\"dateModified\":\"2025-02-07T08:16:30+00:00\",\"description\":\"Everything from a single source: We now also offer complete service for all older generation Siplace placement machines.\",\"breadcrumb\":{\"@id\":\"https:\/\/heeb-systemtechnik.de\/en\/maintenance-and-repair-siplace\/#breadcrumb\"},\"inLanguage\":\"en-US\",\"potentialAction\":[{\"@type\":\"ReadAction\",\"target\":[\"https:\/\/heeb-systemtechnik.de\/en\/maintenance-and-repair-siplace\/\"]}]},{\"@type\":\"ImageObject\",\"inLanguage\":\"en-US\",\"@id\":\"https:\/\/heeb-systemtechnik.de\/en\/maintenance-and-repair-siplace\/#primaryimage\",\"url\":\"https:\/\/heeb-systemtechnik.de\/wp-content\/uploads\/2022\/09\/header-unterseiten1.jpg\",\"contentUrl\":\"https:\/\/heeb-systemtechnik.de\/wp-content\/uploads\/2022\/09\/header-unterseiten1.jpg\"},{\"@type\":\"BreadcrumbList\",\"@id\":\"https:\/\/heeb-systemtechnik.de\/en\/maintenance-and-repair-siplace\/#breadcrumb\",\"itemListElement\":[{\"@type\":\"ListItem\",\"position\":1,\"name\":\"Startseite\",\"item\":\"https:\/\/heeb-systemtechnik.de\/en\/\"},{\"@type\":\"ListItem\",\"position\":2,\"name\":\"Maintenance and repair SIPLACE\"}]},{\"@type\":\"WebSite\",\"@id\":\"https:\/\/heeb-systemtechnik.de\/en\/#website\",\"url\":\"https:\/\/heeb-systemtechnik.de\/en\/\",\"name\":\"Heeb Systemtechnik\",\"description\":\"Just another WordPress site\",\"publisher\":{\"@id\":\"https:\/\/heeb-systemtechnik.de\/en\/#organization\"},\"potentialAction\":[{\"@type\":\"SearchAction\",\"target\":{\"@type\":\"EntryPoint\",\"urlTemplate\":\"https:\/\/heeb-systemtechnik.de\/en\/?s={search_term_string}\"},\"query-input\":{\"@type\":\"PropertyValueSpecification\",\"valueRequired\":true,\"valueName\":\"search_term_string\"}}],\"inLanguage\":\"en-US\"},{\"@type\":\"Organization\",\"@id\":\"https:\/\/heeb-systemtechnik.de\/en\/#organization\",\"name\":\"Heeb Systemtechnik\",\"url\":\"https:\/\/heeb-systemtechnik.de\/en\/\",\"logo\":{\"@type\":\"ImageObject\",\"inLanguage\":\"en-US\",\"@id\":\"https:\/\/heeb-systemtechnik.de\/en\/#\/schema\/logo\/image\/\",\"url\":\"https:\/\/heeb-systemtechnik.de\/wp-content\/uploads\/2023\/02\/cropped-heeb-systemtechnik-logo-2023-transparent.png\",\"contentUrl\":\"https:\/\/heeb-systemtechnik.de\/wp-content\/uploads\/2023\/02\/cropped-heeb-systemtechnik-logo-2023-transparent.png\",\"width\":900,\"height\":182,\"caption\":\"Heeb Systemtechnik\"},\"image\":{\"@id\":\"https:\/\/heeb-systemtechnik.de\/en\/#\/schema\/logo\/image\/\"}}]}<\/script>\n<!-- \/ Yoast SEO plugin. -->","yoast_head_json":{"title":"Maintenance and repair SIPLACE - Heeb Systemtechnik","description":"Everything from a single source: We now also offer complete service for all older generation Siplace placement machines.","robots":{"index":"index","follow":"follow","max-snippet":"max-snippet:-1","max-image-preview":"max-image-preview:large","max-video-preview":"max-video-preview:-1"},"canonical":"https:\/\/heeb-systemtechnik.de\/en\/maintenance-and-repair-siplace\/","og_locale":"en_US","og_type":"article","og_title":"Maintenance and repair SIPLACE - Heeb Systemtechnik","og_description":"Everything from a single source: We now also offer complete service for all older generation Siplace placement machines.","og_url":"https:\/\/heeb-systemtechnik.de\/en\/maintenance-and-repair-siplace\/","og_site_name":"Heeb Systemtechnik","article_modified_time":"2025-02-07T08:16:30+00:00","og_image":[{"url":"https:\/\/heeb-systemtechnik.de\/wp-content\/uploads\/2022\/09\/header-unterseiten1.jpg","type":"","width":"","height":""}],"twitter_card":"summary_large_image","twitter_misc":{"Est. reading time":"1 minute"},"schema":{"@context":"https:\/\/schema.org","@graph":[{"@type":"WebPage","@id":"https:\/\/heeb-systemtechnik.de\/en\/maintenance-and-repair-siplace\/","url":"https:\/\/heeb-systemtechnik.de\/en\/maintenance-and-repair-siplace\/","name":"Maintenance and repair SIPLACE - Heeb Systemtechnik","isPartOf":{"@id":"https:\/\/heeb-systemtechnik.de\/en\/#website"},"primaryImageOfPage":{"@id":"https:\/\/heeb-systemtechnik.de\/en\/maintenance-and-repair-siplace\/#primaryimage"},"image":{"@id":"https:\/\/heeb-systemtechnik.de\/en\/maintenance-and-repair-siplace\/#primaryimage"},"thumbnailUrl":"https:\/\/heeb-systemtechnik.de\/wp-content\/uploads\/2022\/09\/header-unterseiten1.jpg","datePublished":"2025-02-06T15:51:23+00:00","dateModified":"2025-02-07T08:16:30+00:00","description":"Everything from a single source: We now also offer complete service for all older generation Siplace placement machines.","breadcrumb":{"@id":"https:\/\/heeb-systemtechnik.de\/en\/maintenance-and-repair-siplace\/#breadcrumb"},"inLanguage":"en-US","potentialAction":[{"@type":"ReadAction","target":["https:\/\/heeb-systemtechnik.de\/en\/maintenance-and-repair-siplace\/"]}]},{"@type":"ImageObject","inLanguage":"en-US","@id":"https:\/\/heeb-systemtechnik.de\/en\/maintenance-and-repair-siplace\/#primaryimage","url":"https:\/\/heeb-systemtechnik.de\/wp-content\/uploads\/2022\/09\/header-unterseiten1.jpg","contentUrl":"https:\/\/heeb-systemtechnik.de\/wp-content\/uploads\/2022\/09\/header-unterseiten1.jpg"},{"@type":"BreadcrumbList","@id":"https:\/\/heeb-systemtechnik.de\/en\/maintenance-and-repair-siplace\/#breadcrumb","itemListElement":[{"@type":"ListItem","position":1,"name":"Startseite","item":"https:\/\/heeb-systemtechnik.de\/en\/"},{"@type":"ListItem","position":2,"name":"Maintenance and repair SIPLACE"}]},{"@type":"WebSite","@id":"https:\/\/heeb-systemtechnik.de\/en\/#website","url":"https:\/\/heeb-systemtechnik.de\/en\/","name":"Heeb Systemtechnik","description":"Just another WordPress site","publisher":{"@id":"https:\/\/heeb-systemtechnik.de\/en\/#organization"},"potentialAction":[{"@type":"SearchAction","target":{"@type":"EntryPoint","urlTemplate":"https:\/\/heeb-systemtechnik.de\/en\/?s={search_term_string}"},"query-input":{"@type":"PropertyValueSpecification","valueRequired":true,"valueName":"search_term_string"}}],"inLanguage":"en-US"},{"@type":"Organization","@id":"https:\/\/heeb-systemtechnik.de\/en\/#organization","name":"Heeb Systemtechnik","url":"https:\/\/heeb-systemtechnik.de\/en\/","logo":{"@type":"ImageObject","inLanguage":"en-US","@id":"https:\/\/heeb-systemtechnik.de\/en\/#\/schema\/logo\/image\/","url":"https:\/\/heeb-systemtechnik.de\/wp-content\/uploads\/2023\/02\/cropped-heeb-systemtechnik-logo-2023-transparent.png","contentUrl":"https:\/\/heeb-systemtechnik.de\/wp-content\/uploads\/2023\/02\/cropped-heeb-systemtechnik-logo-2023-transparent.png","width":900,"height":182,"caption":"Heeb Systemtechnik"},"image":{"@id":"https:\/\/heeb-systemtechnik.de\/en\/#\/schema\/logo\/image\/"}}]}},"_links":{"self":[{"href":"https:\/\/heeb-systemtechnik.de\/en\/wp-json\/wp\/v2\/pages\/10460","targetHints":{"allow":["GET"]}}],"collection":[{"href":"https:\/\/heeb-systemtechnik.de\/en\/wp-json\/wp\/v2\/pages"}],"about":[{"href":"https:\/\/heeb-systemtechnik.de\/en\/wp-json\/wp\/v2\/types\/page"}],"author":[{"embeddable":true,"href":"https:\/\/heeb-systemtechnik.de\/en\/wp-json\/wp\/v2\/users\/1"}],"replies":[{"embeddable":true,"href":"https:\/\/heeb-systemtechnik.de\/en\/wp-json\/wp\/v2\/comments?post=10460"}],"version-history":[{"count":1,"href":"https:\/\/heeb-systemtechnik.de\/en\/wp-json\/wp\/v2\/pages\/10460\/revisions"}],"predecessor-version":[{"id":10461,"href":"https:\/\/heeb-systemtechnik.de\/en\/wp-json\/wp\/v2\/pages\/10460\/revisions\/10461"}],"wp:attachment":[{"href":"https:\/\/heeb-systemtechnik.de\/en\/wp-json\/wp\/v2\/media?parent=10460"}],"curies":[{"name":"wp","href":"https:\/\/api.w.org\/{rel}","templated":true}]}}