{"id":10457,"date":"2025-02-06T16:41:21","date_gmt":"2025-02-06T15:41:21","guid":{"rendered":"https:\/\/heeb-systemtechnik.de\/?page_id=10457"},"modified":"2025-02-07T09:16:41","modified_gmt":"2025-02-07T08:16:41","slug":"maintenance-and-repair-ekra","status":"publish","type":"page","link":"https:\/\/heeb-systemtechnik.de\/en\/maintenance-and-repair-ekra\/","title":{"rendered":"Maintenance and repair EKRA"},"content":{"rendered":"\n\n\t\t\t\t<img loading=\"lazy\" decoding=\"async\" src=\"https:\/\/heeb-systemtechnik.de\/wp-content\/uploads\/2022\/09\/header-unterseiten1.jpg\" alt=\"header-unterseiten1\" itemprop=\"image\" height=\"547\" width=\"2560\" title=\"header-unterseiten1\" onerror=\"this.style.display='none'\"  \/>\n<h1>\n\t\tWartung und Instandsetzung EKRA\n\t<\/h1>\n\t<p>Neu f\u00fcr Sie, bieten wir nun auch umfangreichen Service f\u00fcr viele EKRA Schablonendruckanlagen. Dank langj\u00e4hriger Erfahrung in diesem Bereich k\u00f6nnen wir von EKRA E4, EKRA E5 \u00fcber EKRA X6 bis hin zu EKRA Serio4000 fast alle EKRA Druckerplattformen supporten.<\/p>\n<p>Neben Jahreswartungen nach Herstellervorgaben von EKRA inkl. Kalibrierung mit dem EKRA PreCise Calibration Set inkl. Testdruck auf Pr\u00e4zisions-Leiterplatte, aber auch Instandsetzung und Instandhaltungsarbeiten zu unserem Serviceangebot. Die Druckerwartungen und Reparaturen Ihres EKRA Druckers erfolgen ganz unkompliziert nach Terminvereinbarung bei Ihnen im Haus.<\/p>\n<p>Kontaktieren Sie uns f\u00fcr weitere Informationen oder fordern Sie direkt ein Angebot an, nennen Sie uns daf\u00fcr lediglich die Maschinentypen Ihrer EKRA Schablonendrucker.<\/p>\n\t<strong>Sie haben (An-)Fragen? &#8211;<\/strong><br \/>\nMelden Sie sich gerne bei uns\n\t\t\t<a href=\"\/kontakt\/\" target=\"_self\">\n\t\t\t\t\t\t\tKontakt\n\t\t\t<\/a>\n\n","protected":false},"excerpt":{"rendered":"<p>Wartung und Instandsetzung EKRA Neu f\u00fcr Sie, bieten wir nun auch umfangreichen Service f\u00fcr viele EKRA Schablonendruckanlagen. Dank langj\u00e4hriger Erfahrung in diesem Bereich k\u00f6nnen wir von EKRA E4, EKRA E5 \u00fcber EKRA X6 bis hin zu EKRA Serio4000 fast alle EKRA Druckerplattformen supporten. Neben Jahreswartungen nach Herstellervorgaben von EKRA inkl. Kalibrierung mit dem EKRA PreCise [&hellip;]<\/p>\n","protected":false},"author":1,"featured_media":0,"parent":0,"menu_order":0,"comment_status":"closed","ping_status":"closed","template":"","meta":{"site-sidebar-layout":"","site-content-layout":"","ast-site-content-layout":"default","site-content-style":"default","site-sidebar-style":"default","ast-global-header-display":"","ast-banner-title-visibility":"","ast-main-header-display":"","ast-hfb-above-header-display":"","ast-hfb-below-header-display":"","ast-hfb-mobile-header-display":"","site-post-title":"disabled","ast-breadcrumbs-content":"","ast-featured-img":"","footer-sml-layout":"","theme-transparent-header-meta":"","adv-header-id-meta":"","stick-header-meta":"","header-above-stick-meta":"","header-main-stick-meta":"","header-below-stick-meta":"","astra-migrate-meta-layouts":"default","ast-page-background-enabled":"default","ast-page-background-meta":{"desktop":{"background-color":"","background-image":"","background-repeat":"repeat","background-position":"center center","background-size":"auto","background-attachment":"scroll","background-type":"","background-media":"","overlay-type":"","overlay-color":"","overlay-opacity":"","overlay-gradient":""},"tablet":{"background-color":"","background-image":"","background-repeat":"repeat","background-position":"center center","background-size":"auto","background-attachment":"scroll","background-type":"","background-media":"","overlay-type":"","overlay-color":"","overlay-opacity":"","overlay-gradient":""},"mobile":{"background-color":"","background-image":"","background-repeat":"repeat","background-position":"center center","background-size":"auto","background-attachment":"scroll","background-type":"","background-media":"","overlay-type":"","overlay-color":"","overlay-opacity":"","overlay-gradient":""}},"ast-content-background-meta":{"desktop":{"background-color":"var(--ast-global-color-5)","background-image":"","background-repeat":"repeat","background-position":"center center","background-size":"auto","background-attachment":"scroll","background-type":"","background-media":"","overlay-type":"","overlay-color":"","overlay-opacity":"","overlay-gradient":""},"tablet":{"background-color":"var(--ast-global-color-5)","background-image":"","background-repeat":"repeat","background-position":"center center","background-size":"auto","background-attachment":"scroll","background-type":"","background-media":"","overlay-type":"","overlay-color":"","overlay-opacity":"","overlay-gradient":""},"mobile":{"background-color":"var(--ast-global-color-5)","background-image":"","background-repeat":"repeat","background-position":"center center","background-size":"auto","background-attachment":"scroll","background-type":"","background-media":"","overlay-type":"","overlay-color":"","overlay-opacity":"","overlay-gradient":""}},"footnotes":""},"class_list":["post-10457","page","type-page","status-publish","hentry"],"yoast_head":"<!-- This site is optimized with the Yoast SEO plugin v26.2 - https:\/\/yoast.com\/wordpress\/plugins\/seo\/ -->\n<title>Maintenance and repair EKRA - Heeb Systemtechnik<\/title>\n<meta name=\"description\" content=\"We now also offer comprehensive service for many EKRA stencil printing systems.\" \/>\n<meta name=\"robots\" content=\"index, follow, max-snippet:-1, max-image-preview:large, max-video-preview:-1\" \/>\n<link rel=\"canonical\" href=\"https:\/\/heeb-systemtechnik.de\/en\/maintenance-and-repair-ekra\/\" \/>\n<meta property=\"og:locale\" content=\"en_US\" \/>\n<meta property=\"og:type\" content=\"article\" \/>\n<meta property=\"og:title\" content=\"Maintenance and repair EKRA - Heeb Systemtechnik\" \/>\n<meta property=\"og:description\" content=\"We now also offer comprehensive service for many EKRA stencil printing systems.\" \/>\n<meta property=\"og:url\" content=\"https:\/\/heeb-systemtechnik.de\/en\/maintenance-and-repair-ekra\/\" \/>\n<meta property=\"og:site_name\" content=\"Heeb Systemtechnik\" \/>\n<meta property=\"article:modified_time\" content=\"2025-02-07T08:16:41+00:00\" \/>\n<meta property=\"og:image\" content=\"https:\/\/heeb-systemtechnik.de\/wp-content\/uploads\/2022\/09\/header-unterseiten1.jpg\" \/>\n<meta name=\"twitter:card\" content=\"summary_large_image\" \/>\n<meta name=\"twitter:label1\" content=\"Est. reading time\" \/>\n\t<meta name=\"twitter:data1\" content=\"1 minute\" \/>\n<script type=\"application\/ld+json\" class=\"yoast-schema-graph\">{\"@context\":\"https:\/\/schema.org\",\"@graph\":[{\"@type\":\"WebPage\",\"@id\":\"https:\/\/heeb-systemtechnik.de\/en\/maintenance-and-repair-ekra\/\",\"url\":\"https:\/\/heeb-systemtechnik.de\/en\/maintenance-and-repair-ekra\/\",\"name\":\"Maintenance and repair EKRA - Heeb Systemtechnik\",\"isPartOf\":{\"@id\":\"https:\/\/heeb-systemtechnik.de\/en\/#website\"},\"primaryImageOfPage\":{\"@id\":\"https:\/\/heeb-systemtechnik.de\/en\/maintenance-and-repair-ekra\/#primaryimage\"},\"image\":{\"@id\":\"https:\/\/heeb-systemtechnik.de\/en\/maintenance-and-repair-ekra\/#primaryimage\"},\"thumbnailUrl\":\"https:\/\/heeb-systemtechnik.de\/wp-content\/uploads\/2022\/09\/header-unterseiten1.jpg\",\"datePublished\":\"2025-02-06T15:41:21+00:00\",\"dateModified\":\"2025-02-07T08:16:41+00:00\",\"description\":\"We now also offer comprehensive service for many EKRA stencil printing systems.\",\"breadcrumb\":{\"@id\":\"https:\/\/heeb-systemtechnik.de\/en\/maintenance-and-repair-ekra\/#breadcrumb\"},\"inLanguage\":\"en-US\",\"potentialAction\":[{\"@type\":\"ReadAction\",\"target\":[\"https:\/\/heeb-systemtechnik.de\/en\/maintenance-and-repair-ekra\/\"]}]},{\"@type\":\"ImageObject\",\"inLanguage\":\"en-US\",\"@id\":\"https:\/\/heeb-systemtechnik.de\/en\/maintenance-and-repair-ekra\/#primaryimage\",\"url\":\"https:\/\/heeb-systemtechnik.de\/wp-content\/uploads\/2022\/09\/header-unterseiten1.jpg\",\"contentUrl\":\"https:\/\/heeb-systemtechnik.de\/wp-content\/uploads\/2022\/09\/header-unterseiten1.jpg\"},{\"@type\":\"BreadcrumbList\",\"@id\":\"https:\/\/heeb-systemtechnik.de\/en\/maintenance-and-repair-ekra\/#breadcrumb\",\"itemListElement\":[{\"@type\":\"ListItem\",\"position\":1,\"name\":\"Startseite\",\"item\":\"https:\/\/heeb-systemtechnik.de\/en\/\"},{\"@type\":\"ListItem\",\"position\":2,\"name\":\"Maintenance and repair EKRA\"}]},{\"@type\":\"WebSite\",\"@id\":\"https:\/\/heeb-systemtechnik.de\/en\/#website\",\"url\":\"https:\/\/heeb-systemtechnik.de\/en\/\",\"name\":\"Heeb Systemtechnik\",\"description\":\"Just another WordPress site\",\"publisher\":{\"@id\":\"https:\/\/heeb-systemtechnik.de\/en\/#organization\"},\"potentialAction\":[{\"@type\":\"SearchAction\",\"target\":{\"@type\":\"EntryPoint\",\"urlTemplate\":\"https:\/\/heeb-systemtechnik.de\/en\/?s={search_term_string}\"},\"query-input\":{\"@type\":\"PropertyValueSpecification\",\"valueRequired\":true,\"valueName\":\"search_term_string\"}}],\"inLanguage\":\"en-US\"},{\"@type\":\"Organization\",\"@id\":\"https:\/\/heeb-systemtechnik.de\/en\/#organization\",\"name\":\"Heeb Systemtechnik\",\"url\":\"https:\/\/heeb-systemtechnik.de\/en\/\",\"logo\":{\"@type\":\"ImageObject\",\"inLanguage\":\"en-US\",\"@id\":\"https:\/\/heeb-systemtechnik.de\/en\/#\/schema\/logo\/image\/\",\"url\":\"https:\/\/heeb-systemtechnik.de\/wp-content\/uploads\/2023\/02\/cropped-heeb-systemtechnik-logo-2023-transparent.png\",\"contentUrl\":\"https:\/\/heeb-systemtechnik.de\/wp-content\/uploads\/2023\/02\/cropped-heeb-systemtechnik-logo-2023-transparent.png\",\"width\":900,\"height\":182,\"caption\":\"Heeb Systemtechnik\"},\"image\":{\"@id\":\"https:\/\/heeb-systemtechnik.de\/en\/#\/schema\/logo\/image\/\"}}]}<\/script>\n<!-- \/ Yoast SEO plugin. -->","yoast_head_json":{"title":"Maintenance and repair EKRA - Heeb Systemtechnik","description":"We now also offer comprehensive service for many EKRA stencil printing systems.","robots":{"index":"index","follow":"follow","max-snippet":"max-snippet:-1","max-image-preview":"max-image-preview:large","max-video-preview":"max-video-preview:-1"},"canonical":"https:\/\/heeb-systemtechnik.de\/en\/maintenance-and-repair-ekra\/","og_locale":"en_US","og_type":"article","og_title":"Maintenance and repair EKRA - Heeb Systemtechnik","og_description":"We now also offer comprehensive service for many EKRA stencil printing systems.","og_url":"https:\/\/heeb-systemtechnik.de\/en\/maintenance-and-repair-ekra\/","og_site_name":"Heeb Systemtechnik","article_modified_time":"2025-02-07T08:16:41+00:00","og_image":[{"url":"https:\/\/heeb-systemtechnik.de\/wp-content\/uploads\/2022\/09\/header-unterseiten1.jpg","type":"","width":"","height":""}],"twitter_card":"summary_large_image","twitter_misc":{"Est. reading time":"1 minute"},"schema":{"@context":"https:\/\/schema.org","@graph":[{"@type":"WebPage","@id":"https:\/\/heeb-systemtechnik.de\/en\/maintenance-and-repair-ekra\/","url":"https:\/\/heeb-systemtechnik.de\/en\/maintenance-and-repair-ekra\/","name":"Maintenance and repair EKRA - Heeb Systemtechnik","isPartOf":{"@id":"https:\/\/heeb-systemtechnik.de\/en\/#website"},"primaryImageOfPage":{"@id":"https:\/\/heeb-systemtechnik.de\/en\/maintenance-and-repair-ekra\/#primaryimage"},"image":{"@id":"https:\/\/heeb-systemtechnik.de\/en\/maintenance-and-repair-ekra\/#primaryimage"},"thumbnailUrl":"https:\/\/heeb-systemtechnik.de\/wp-content\/uploads\/2022\/09\/header-unterseiten1.jpg","datePublished":"2025-02-06T15:41:21+00:00","dateModified":"2025-02-07T08:16:41+00:00","description":"We now also offer comprehensive service for many EKRA stencil printing systems.","breadcrumb":{"@id":"https:\/\/heeb-systemtechnik.de\/en\/maintenance-and-repair-ekra\/#breadcrumb"},"inLanguage":"en-US","potentialAction":[{"@type":"ReadAction","target":["https:\/\/heeb-systemtechnik.de\/en\/maintenance-and-repair-ekra\/"]}]},{"@type":"ImageObject","inLanguage":"en-US","@id":"https:\/\/heeb-systemtechnik.de\/en\/maintenance-and-repair-ekra\/#primaryimage","url":"https:\/\/heeb-systemtechnik.de\/wp-content\/uploads\/2022\/09\/header-unterseiten1.jpg","contentUrl":"https:\/\/heeb-systemtechnik.de\/wp-content\/uploads\/2022\/09\/header-unterseiten1.jpg"},{"@type":"BreadcrumbList","@id":"https:\/\/heeb-systemtechnik.de\/en\/maintenance-and-repair-ekra\/#breadcrumb","itemListElement":[{"@type":"ListItem","position":1,"name":"Startseite","item":"https:\/\/heeb-systemtechnik.de\/en\/"},{"@type":"ListItem","position":2,"name":"Maintenance and repair EKRA"}]},{"@type":"WebSite","@id":"https:\/\/heeb-systemtechnik.de\/en\/#website","url":"https:\/\/heeb-systemtechnik.de\/en\/","name":"Heeb Systemtechnik","description":"Just another WordPress site","publisher":{"@id":"https:\/\/heeb-systemtechnik.de\/en\/#organization"},"potentialAction":[{"@type":"SearchAction","target":{"@type":"EntryPoint","urlTemplate":"https:\/\/heeb-systemtechnik.de\/en\/?s={search_term_string}"},"query-input":{"@type":"PropertyValueSpecification","valueRequired":true,"valueName":"search_term_string"}}],"inLanguage":"en-US"},{"@type":"Organization","@id":"https:\/\/heeb-systemtechnik.de\/en\/#organization","name":"Heeb Systemtechnik","url":"https:\/\/heeb-systemtechnik.de\/en\/","logo":{"@type":"ImageObject","inLanguage":"en-US","@id":"https:\/\/heeb-systemtechnik.de\/en\/#\/schema\/logo\/image\/","url":"https:\/\/heeb-systemtechnik.de\/wp-content\/uploads\/2023\/02\/cropped-heeb-systemtechnik-logo-2023-transparent.png","contentUrl":"https:\/\/heeb-systemtechnik.de\/wp-content\/uploads\/2023\/02\/cropped-heeb-systemtechnik-logo-2023-transparent.png","width":900,"height":182,"caption":"Heeb Systemtechnik"},"image":{"@id":"https:\/\/heeb-systemtechnik.de\/en\/#\/schema\/logo\/image\/"}}]}},"_links":{"self":[{"href":"https:\/\/heeb-systemtechnik.de\/en\/wp-json\/wp\/v2\/pages\/10457","targetHints":{"allow":["GET"]}}],"collection":[{"href":"https:\/\/heeb-systemtechnik.de\/en\/wp-json\/wp\/v2\/pages"}],"about":[{"href":"https:\/\/heeb-systemtechnik.de\/en\/wp-json\/wp\/v2\/types\/page"}],"author":[{"embeddable":true,"href":"https:\/\/heeb-systemtechnik.de\/en\/wp-json\/wp\/v2\/users\/1"}],"replies":[{"embeddable":true,"href":"https:\/\/heeb-systemtechnik.de\/en\/wp-json\/wp\/v2\/comments?post=10457"}],"version-history":[{"count":1,"href":"https:\/\/heeb-systemtechnik.de\/en\/wp-json\/wp\/v2\/pages\/10457\/revisions"}],"predecessor-version":[{"id":10458,"href":"https:\/\/heeb-systemtechnik.de\/en\/wp-json\/wp\/v2\/pages\/10457\/revisions\/10458"}],"wp:attachment":[{"href":"https:\/\/heeb-systemtechnik.de\/en\/wp-json\/wp\/v2\/media?parent=10457"}],"curies":[{"name":"wp","href":"https:\/\/api.w.org\/{rel}","templated":true}]}}